{"id":975,"date":"2024-06-14T10:33:31","date_gmt":"2024-06-14T10:33:31","guid":{"rendered":"https:\/\/mh4hrm.eu\/home\/"},"modified":"2025-10-17T12:45:38","modified_gmt":"2025-10-17T12:45:38","slug":"home","status":"publish","type":"page","link":"https:\/\/mh4hrm.eu\/it\/","title":{"rendered":"Pagina iniziale"},"content":{"rendered":"<!--themify_builder_content-->\n<div id=\"themify_builder_content-975\" data-postid=\"975\" class=\"themify_builder_content themify_builder_content-975 themify_builder tf_clear\">\n                    <div  data-lazy=\"1\" class=\"module_row themify_builder_row tb_44lo367 tb_first tf_w\">\n                        <div class=\"row_inner col_align_top tb_col_count_2 tf_box tf_rel\">\n                        <div  data-lazy=\"1\" class=\"module_column tb-column col4-2 tb_oxyh367 first\">\n                    <!-- module image -->\n<div  class=\"module module-image tb_noib988 image-top   tf_mw\" data-lazy=\"1\">\n        <div class=\"image-wrap tf_rel tf_mw\">\n            <img loading=\"lazy\" decoding=\"async\" width=\"702\" height=\"331\" src=\"https:\/\/mh4hrm.eu\/wp-content\/uploads\/2024\/06\/01_BAKE_in_a_nutshell.png\" class=\"wp-post-image wp-image-583\" title=\"01_BAKE_in_a_nutshell\" alt=\"01_BAKE_in_a_nutshell\" srcset=\"https:\/\/mh4hrm.eu\/wp-content\/uploads\/2024\/06\/01_BAKE_in_a_nutshell.png 702w, https:\/\/mh4hrm.eu\/wp-content\/uploads\/2024\/06\/01_BAKE_in_a_nutshell-300x141.png 300w\" sizes=\"(max-width: 702px) 100vw, 702px\" \/>    \n        <\/div>\n    <!-- \/image-wrap -->\n    \n        <\/div>\n<!-- \/module image -->        <\/div>\n                    <div  data-lazy=\"1\" class=\"module_column tb-column col4-2 tb_tmr4724 last\">\n                    <!-- module fancy heading -->\n<div  class=\"module module-fancy-heading tb_ehyu222  inline-fancy-heading tb_hide_divider\" data-lazy=\"1\">\n        <h1 class=\"fancy-heading\">\n    <span class=\"main-head tf_inline_b\">\n                    MH4HRM            <\/span>\n\n    \n    <span class=\"sub-head tf_inline_b tf_rel\">\n                    IN BREVE            <\/span>\n    <\/h1>\n<\/div>\n<!-- \/module fancy heading -->\n<!-- module divider -->\n<div  class=\"module tf_mw module-divider tb_v6im669 solid   \" style=\"border-width: 1px;border-color: #000;margin-top: -20px;\" data-lazy=\"1\">\n    <\/div>\n<!-- \/module divider -->\n<!-- module text -->\n<div  class=\"module module-text tb_3s8o744   \" data-lazy=\"1\">\n        <div  class=\"tb_text_wrap\">\n        <p>MH4HRM \u00e8 un&#8217;iniziativa Europea innovativa, finanziata da Erasmus+ e dedicata al miglioramento, nelle aziende Europee, delle competenze sulla salute mentale.<br>Fornendo ai professionisti HR le skills fondamentali, le risorse tecnologiche e le conoscenze essenziali, vogliamo promuovere il benessere dei dipendenti nel quadro delle attuali sfide, senza precedenti, poste dal mondo del lavoro.<br>Attraverso percorsi di training mirati e supporti strategici, vogliamo equipaggiare i dipartimenti HR con gli strumenti necessari ad identificare, affrontare, e mitigare in maniera efficace i problemi legati alla salute mentale cos\u00ec da promuovere ambienti di lavoro pi\u00f9 sani nelle aziende Europee.<\/p>    <\/div>\n<\/div>\n<!-- \/module text --><!-- module buttons -->\n<div  class=\"module module-buttons tb_5un7600 buttons-horizontal solid  large circle\" data-lazy=\"1\">\n        <div class=\"module-buttons-item tf_in_flx\">\n                        <a href=\"https:\/\/mh4hrm.eu\/it\/about-us\/\" class=\"ui builder_button tf_in_flx tb_default_color\" >\n                                                Su MH4HRM                                        <\/a>\n                <\/div>\n            <\/div>\n<!-- \/module buttons -->\n        <\/div>\n                        <\/div>\n        <\/div>\n                        <div  data-lazy=\"1\" class=\"module_row themify_builder_row tb_c6ch982 tf_w\">\n                        <div class=\"row_inner col_align_top tb_col_count_1 tf_box tf_rel\">\n                        <div  data-lazy=\"1\" class=\"module_column tb-column col-full tb_a7wc983 first\">\n                    <!-- module fancy heading -->\n<div  class=\"module module-fancy-heading tb_470s614  inline-fancy-heading tb_hide_divider\" data-lazy=\"1\">\n        <h1 class=\"fancy-heading tf_textc\">\n    <span class=\"main-head tf_inline_b\">\n                    Notizie            <\/span>\n\n    \n    <span class=\"sub-head tf_inline_b tf_rel\">\n                                <\/span>\n    <\/h1>\n<\/div>\n<!-- \/module fancy heading -->\n<!-- module divider -->\n<div  class=\"module tf_mw module-divider tb_nzys658 solid   \" style=\"border-width: 0px;border-color: #000;margin-top: -25px;\" data-lazy=\"1\">\n    <\/div>\n<!-- \/module divider -->\n<!-- module post -->\n<div  class=\"module module-post tb_jr7l33 \">\n    <div  class=\"builder-posts-wrap loops-wrapper list-thumb-image tf_clear tf_clearfix\" data-lazy=\"1\">\n    <article id=\"post-3257\" class=\"post tf_clearfix post-3257 type-post status-publish format-standard has-post-thumbnail hentry category-newsletters-it has-post-title has-post-date has-post-category has-post-tag has-post-comment has-post-author \">\n\t    \n\t                <figure class=\"post-image tf_clearfix\">\n                                                            <a href=\"https:\/\/mh4hrm.eu\/it\/same-tool-different-impact-the-two-faces-of-digital-management-in-remote-teams\/\">\n                                        <img loading=\"lazy\" decoding=\"async\" width=\"1920\" height=\"1080\" src=\"https:\/\/mh4hrm.eu\/wp-content\/uploads\/2026\/04\/IT-9.jpg\" class=\"wp-post-image wp-image-3243\" title=\"IT (9)\" alt=\"IT (9)\" srcset=\"https:\/\/mh4hrm.eu\/wp-content\/uploads\/2026\/04\/IT-9.jpg 1920w, https:\/\/mh4hrm.eu\/wp-content\/uploads\/2026\/04\/IT-9-300x169.jpg 300w, https:\/\/mh4hrm.eu\/wp-content\/uploads\/2026\/04\/IT-9-1024x576.jpg 1024w, https:\/\/mh4hrm.eu\/wp-content\/uploads\/2026\/04\/IT-9-768x432.jpg 768w, https:\/\/mh4hrm.eu\/wp-content\/uploads\/2026\/04\/IT-9-1536x864.jpg 1536w\" sizes=\"(max-width: 1920px) 100vw, 1920px\" \/>                                                                    <\/a>\n                                                                <\/figure>\n                    \t<div class=\"post-content\">\n\t\t<div class=\"post-content-inner\">\n\n\t\t\t\t\t\t\t\t<div class=\"post-date-wrap post-date-inline\">\n\t\t<time class=\"post-date entry-date updated\" datetime=\"2026-04-16\">\n\t\t\t\t\t<span class=\"year\">April 16, 2026<\/span>\n\t\t\t\t<\/time>\n\t<\/div><!-- .post-date-wrap -->\n\t\t\t\t\n\t\t\t<h2 class=\"post-title entry-title\"><a href=\"https:\/\/mh4hrm.eu\/it\/same-tool-different-impact-the-two-faces-of-digital-management-in-remote-teams\/\">Stesso Strumento, Impatti Diversi: I Due Volti della Gestione Digitale nei Team da Remoto<\/a><\/h2>\n\t\t\t\n\t\t\t\n\t\t\t        <div class=\"entry-content\">\n\n        \n            <p>Gli strumenti digitali non sono n\u00e9 buoni n\u00e9 cattivi. Ma il modo in cui i manager li utilizzano pu\u00f2 fare la differenza nel benessere di un team remoto. Il passaggio al lavoro da remoto e ibrido ha portato la comunicazione digitale al centro della gestione quotidiana. Email, messaggi, videochiamate sono i nuovi corridoi e porte [&hellip;]<\/p>\n\n                \n            \n        <\/div><!-- \/.entry-content -->\n        \n\t\t<\/div>\n\t\t<!-- \/.post-content-inner -->\n\t<\/div>\n\t<!-- \/.post-content -->\n\t\n<\/article>\n<!-- \/.post -->\n<article id=\"post-3191\" class=\"post tf_clearfix post-3191 type-post status-publish format-standard has-post-thumbnail hentry category-newsletters-it has-post-title has-post-date has-post-category has-post-tag has-post-comment has-post-author \">\n\t    \n\t                <figure class=\"post-image tf_clearfix\">\n                                                            <a href=\"https:\/\/mh4hrm.eu\/it\/why-technical-skills-may-not-be-enough-to-promote-mental-health-in-the-workplace\/\">\n                                        <img loading=\"lazy\" decoding=\"async\" width=\"1920\" height=\"1080\" src=\"https:\/\/mh4hrm.eu\/wp-content\/uploads\/2026\/04\/IT-8.jpg\" class=\"wp-post-image wp-image-3177\" title=\"IT (8)\" alt=\"IT (8)\" srcset=\"https:\/\/mh4hrm.eu\/wp-content\/uploads\/2026\/04\/IT-8.jpg 1920w, https:\/\/mh4hrm.eu\/wp-content\/uploads\/2026\/04\/IT-8-300x169.jpg 300w, https:\/\/mh4hrm.eu\/wp-content\/uploads\/2026\/04\/IT-8-1024x576.jpg 1024w, https:\/\/mh4hrm.eu\/wp-content\/uploads\/2026\/04\/IT-8-768x432.jpg 768w, https:\/\/mh4hrm.eu\/wp-content\/uploads\/2026\/04\/IT-8-1536x864.jpg 1536w\" sizes=\"(max-width: 1920px) 100vw, 1920px\" \/>                                                                    <\/a>\n                                                                <\/figure>\n                    \t<div class=\"post-content\">\n\t\t<div class=\"post-content-inner\">\n\n\t\t\t\t\t\t\t\t<div class=\"post-date-wrap post-date-inline\">\n\t\t<time class=\"post-date entry-date updated\" datetime=\"2026-02-10\">\n\t\t\t\t\t<span class=\"year\">February 10, 2026<\/span>\n\t\t\t\t<\/time>\n\t<\/div><!-- .post-date-wrap -->\n\t\t\t\t\n\t\t\t<h2 class=\"post-title entry-title\"><a href=\"https:\/\/mh4hrm.eu\/it\/why-technical-skills-may-not-be-enough-to-promote-mental-health-in-the-workplace\/\">PERCH\u00c9 LE COMPETENZE TECNICHE POTREBBERO NON ESSERE SUFFICIENTI A PROMUOVERE LA SALUTE MENTALE SUI LUOGHI DI LAVORO<\/a><\/h2>\n\t\t\t\n\t\t\t\n\t\t\t        <div class=\"entry-content\">\n\n        \n            <p>Le organizzazioni moderne riconoscono sempre l&#8217;importanza della salute mentale dei lavoratori tra i fattori chiave per la produttivit\u00e0 e la qualit\u00e0 del lavoro; in tale contesto, i professionisti delle risorse umane svolgono un ruolo cruciale nell\u2019implementazione di politiche, procedure e strumenti volti a mantenerla e migliorarla. Tuttavia, la ricerca suggerisce che le sole competenze tecniche, [&hellip;]<\/p>\n\n                \n            \n        <\/div><!-- \/.entry-content -->\n        \n\t\t<\/div>\n\t\t<!-- \/.post-content-inner -->\n\t<\/div>\n\t<!-- \/.post-content -->\n\t\n<\/article>\n<!-- \/.post -->\n<article id=\"post-3072\" class=\"post tf_clearfix post-3072 type-post status-publish format-standard has-post-thumbnail hentry category-newsletters-it has-post-title has-post-date has-post-category has-post-tag has-post-comment has-post-author \">\n\t    \n\t                <figure class=\"post-image tf_clearfix\">\n                                                            <a href=\"https:\/\/mh4hrm.eu\/it\/why-mental-health-is-now-a-strategic-priority-for-hr-managers\/\">\n                                        <img loading=\"lazy\" decoding=\"async\" width=\"1920\" height=\"1080\" src=\"https:\/\/mh4hrm.eu\/wp-content\/uploads\/2026\/01\/IT.png\" class=\"wp-post-image wp-image-3060\" title=\"IT\" alt=\"IT\" srcset=\"https:\/\/mh4hrm.eu\/wp-content\/uploads\/2026\/01\/IT.png 1920w, https:\/\/mh4hrm.eu\/wp-content\/uploads\/2026\/01\/IT-300x169.png 300w, https:\/\/mh4hrm.eu\/wp-content\/uploads\/2026\/01\/IT-1024x576.png 1024w, https:\/\/mh4hrm.eu\/wp-content\/uploads\/2026\/01\/IT-768x432.png 768w, https:\/\/mh4hrm.eu\/wp-content\/uploads\/2026\/01\/IT-1536x864.png 1536w\" sizes=\"(max-width: 1920px) 100vw, 1920px\" \/>                                                                    <\/a>\n                                                                <\/figure>\n                    \t<div class=\"post-content\">\n\t\t<div class=\"post-content-inner\">\n\n\t\t\t\t\t\t\t\t<div class=\"post-date-wrap post-date-inline\">\n\t\t<time class=\"post-date entry-date updated\" datetime=\"2026-01-15\">\n\t\t\t\t\t<span class=\"year\">January 15, 2026<\/span>\n\t\t\t\t<\/time>\n\t<\/div><!-- .post-date-wrap -->\n\t\t\t\t\n\t\t\t<h2 class=\"post-title entry-title\"><a href=\"https:\/\/mh4hrm.eu\/it\/why-mental-health-is-now-a-strategic-priority-for-hr-managers\/\">Perch\u00e9 la salute mentale \u00e8 oggi una priorit\u00e0 strategica per i responsabili HR<\/a><\/h2>\n\t\t\t\n\t\t\t\n\t\t\t        <div class=\"entry-content\">\n\n        \n            <p>La salute mentale sul luogo di lavoro \u00e8 passata, in modo decisivo, dai margini al cuore della strategia organizzativa. In tutta Europa e oltre, ai responsabili delle Risorse Umane \u00e8 sempre pi\u00f9 richiesto non solo di garantire conformit\u00e0 ed efficienza, ma anche di plasmare attivamente ambienti di lavoro che tutelino il benessere psicologico, promuovano l\u2019inclusione [&hellip;]<\/p>\n\n                \n            \n        <\/div><!-- \/.entry-content -->\n        \n\t\t<\/div>\n\t\t<!-- \/.post-content-inner -->\n\t<\/div>\n\t<!-- \/.post-content -->\n\t\n<\/article>\n<!-- \/.post -->\n<article id=\"post-3132\" class=\"post tf_clearfix post-3132 type-post status-publish format-standard has-post-thumbnail hentry category-newsletters-it has-post-title has-post-date has-post-category has-post-tag has-post-comment has-post-author \">\n\t    \n\t                <figure class=\"post-image tf_clearfix\">\n                                                            <a href=\"https:\/\/mh4hrm.eu\/it\/caring-for-mental-health-at-work-starts-with-training-those-who-care-human-resources\/\">\n                                        <img loading=\"lazy\" decoding=\"async\" width=\"1920\" height=\"1080\" src=\"https:\/\/mh4hrm.eu\/wp-content\/uploads\/2026\/04\/EN-9.jpg\" class=\"wp-post-image wp-image-3092\" title=\"EN (9)\" alt=\"EN (9)\" srcset=\"https:\/\/mh4hrm.eu\/wp-content\/uploads\/2026\/04\/EN-9.jpg 1920w, https:\/\/mh4hrm.eu\/wp-content\/uploads\/2026\/04\/EN-9-300x169.jpg 300w, https:\/\/mh4hrm.eu\/wp-content\/uploads\/2026\/04\/EN-9-1024x576.jpg 1024w, https:\/\/mh4hrm.eu\/wp-content\/uploads\/2026\/04\/EN-9-768x432.jpg 768w, https:\/\/mh4hrm.eu\/wp-content\/uploads\/2026\/04\/EN-9-1536x864.jpg 1536w\" sizes=\"(max-width: 1920px) 100vw, 1920px\" \/>                                                                    <\/a>\n                                                                <\/figure>\n                    \t<div class=\"post-content\">\n\t\t<div class=\"post-content-inner\">\n\n\t\t\t\t\t\t\t\t<div class=\"post-date-wrap post-date-inline\">\n\t\t<time class=\"post-date entry-date updated\" datetime=\"2026-01-10\">\n\t\t\t\t\t<span class=\"year\">January 10, 2026<\/span>\n\t\t\t\t<\/time>\n\t<\/div><!-- .post-date-wrap -->\n\t\t\t\t\n\t\t\t<h2 class=\"post-title entry-title\"><a href=\"https:\/\/mh4hrm.eu\/it\/caring-for-mental-health-at-work-starts-with-training-those-who-care-human-resources\/\">Caring for Mental Health at Work Starts with Training Those Who Care: Human Resources<\/a><\/h2>\n\t\t\t\n\t\t\t\n\t\t\t        <div class=\"entry-content\">\n\n        \n            <p>The emotional well-being of employees has become one of the most significant challenges for organizations today. Caring for their mental health begins by strengthening those on the front lines: the Human Resources team. Increasing work-related stress, constant pressure, and difficulty maintaining a balance between personal and professional life have made issues such as emotional exhaustion, [&hellip;]<\/p>\n\n                \n            \n        <\/div><!-- \/.entry-content -->\n        \n\t\t<\/div>\n\t\t<!-- \/.post-content-inner -->\n\t<\/div>\n\t<!-- \/.post-content -->\n\t\n<\/article>\n<!-- \/.post -->\n    <\/div><!-- .builder-posts-wrap -->\n            <\/div>\n<!-- \/module post -->\n            <div  data-lazy=\"1\" class=\"module_subrow themify_builder_sub_row tf_w col_align_top tb_col_count_1 tb_9eb6820\">\n                <div  data-lazy=\"1\" class=\"module_column sub_column col-full tb_e7y7820 first\">\n                    <!-- module buttons -->\n<div  class=\"module module-buttons tb_jizv774 buttons-horizontal solid  large circle\" data-lazy=\"1\">\n        <div class=\"module-buttons-item tf_in_flx\">\n                        <a href=\"https:\/\/mh4hrm.eu\/it\/news-events\/\" class=\"ui builder_button tf_in_flx tb_default_color\" >\n                                                Tutte le notizie                                        <\/a>\n                <\/div>\n            <\/div>\n<!-- \/module buttons -->\n        <\/div>\n                    <\/div>\n                <\/div>\n                        <\/div>\n        <\/div>\n                        <div  data-css_id=\"2pn0374\" data-lazy=\"1\" class=\"module_row themify_builder_row fullwidth_row_container tb_2pn0374 tf_w\">\n                        <div class=\"row_inner col_align_top tb_col_count_2 tf_box tf_rel\">\n                        <div  data-lazy=\"1\" class=\"module_column tb-column col4-2 tb_g749375 first\">\n                    <!-- module fancy heading -->\n<div  class=\"module module-fancy-heading tb_se6k389  tb_hide_divider\" data-lazy=\"1\">\n        <h1 class=\"fancy-heading tf_textc\">\n    <span class=\"main-head tf_block\">\n                    Rimani connesso            <\/span>\n\n    \n    <span class=\"sub-head tf_block tf_rel\">\n                    con MH4HRM!            <\/span>\n    <\/h1>\n<\/div>\n<!-- \/module fancy heading -->\n        <\/div>\n                    <div  data-lazy=\"1\" class=\"module_column tb-column col4-2 tb_g7gh375 last\">\n                    <!-- module text -->\n<div  class=\"module module-text tb_5bok754   \" data-lazy=\"1\">\n        <div  class=\"tb_text_wrap\">\n        <p style=\"text-align: left;\">Esplora il nostro progetto nel dettaglio, accedi a risorse preziose, e segui gli ultimi aggiornamenti in materia di salute mentale nei luoghi di lavoro. Unisciti a noi nel promuovere il benessere dei lavoratori e nel rafforzare le competenze dei professionisti HR.<\/p>    <\/div>\n<\/div>\n<!-- \/module text -->        <\/div>\n                        <\/div>\n        <\/div>\n                        <div  data-lazy=\"1\" class=\"module_row themify_builder_row tb_0uau476 tf_w\">\n                        <div class=\"row_inner col_align_top tb_col_count_1 tf_box tf_rel\">\n                        <div  data-lazy=\"1\" class=\"module_column tb-column tb_uch2714 first\">\n                    <!-- module buttons -->\n<div  class=\"module module-buttons tb_x8az53 buttons-horizontal solid  large circle\" data-lazy=\"1\">\n        <div class=\"module-buttons-item tf_in_flx\">\n                        <a href=\"https:\/\/mh4hrm.eu\/wp-content\/uploads\/2024\/12\/MH4HRM-BROCHURE-IT.pdf\" class=\"ui builder_button tf_in_flx tb_default_color\" >\n                                                Visualizza la brochure                                        <\/a>\n                <\/div>\n            <\/div>\n<!-- \/module buttons -->\n        <\/div>\n                        <\/div>\n        <\/div>\n                        <div  data-css_id=\"qctv902\" data-lazy=\"1\" class=\"module_row themify_builder_row fullwidth_row_container tb_qctv902 tf_w\">\n                        <div class=\"row_inner col_align_top tb_col_count_2 tf_box tf_rel\">\n                        <div  data-lazy=\"1\" class=\"module_column tb-column col4-2 tb_ztbe902 first\">\n                    <!-- module fancy heading -->\n<div  class=\"module module-fancy-heading tb_mo0q902  tb_hide_divider\" data-lazy=\"1\">\n        <h1 class=\"fancy-heading tf_textc\">\n    <span class=\"main-head tf_block\">\n                    Iscriviti all'E-Learning            <\/span>\n\n    \n    <span class=\"sub-head tf_block tf_rel\">\n                                <\/span>\n    <\/h1>\n<\/div>\n<!-- \/module fancy heading -->\n        <\/div>\n                    <div  data-lazy=\"1\" class=\"module_column tb-column col4-2 tb_4z74902 last\">\n                    <!-- module buttons -->\n<div  class=\"module module-buttons tb_s6zp902 buttons-horizontal solid   rounded\" data-lazy=\"1\">\n        <div class=\"module-buttons-item tf_in_flx\">\n                        <a href=\"https:\/\/learn.mh4hrm.eu\" class=\"ui builder_button tf_in_flx tb_default_color\" >\n                                                Clicca qui                                        <\/a>\n                <\/div>\n            <\/div>\n<!-- \/module buttons -->\n        <\/div>\n                        <\/div>\n        <\/div>\n                        <div  data-lazy=\"1\" class=\"module_row themify_builder_row tb_mvyr863 tf_w\">\n                        <div class=\"row_inner col_align_top tb_col_count_1 tf_box tf_rel\">\n                        <div  data-lazy=\"1\" class=\"module_column tb-column col-full tb_78ck863 first\">\n                    <!-- module fancy heading -->\n<div  class=\"module module-fancy-heading tb_rm9c272  inline-fancy-heading tb_hide_divider\" data-lazy=\"1\">\n        <h1 class=\"fancy-heading\">\n    <span class=\"main-head tf_inline_b\">\n                    MH4HRM             <\/span>\n\n    \n    <span class=\"sub-head tf_inline_b tf_rel\">\n                     \u00e8 stato sviluppato da            <\/span>\n    <\/h1>\n<\/div>\n<!-- \/module fancy heading -->\n<!-- module divider -->\n<div  class=\"module tf_mw module-divider tb_smsq875 solid   \" style=\"border-width: 1px;border-color: #000;margin-top: -20px;\" data-lazy=\"1\">\n    <\/div>\n<!-- \/module divider -->\n<!-- module image -->\n<div  class=\"module module-image tb_sncy440 image-top   tf_mw\" data-lazy=\"1\">\n        <div class=\"image-wrap tf_rel tf_mw\">\n            <img loading=\"lazy\" decoding=\"async\" width=\"1193\" height=\"47\" src=\"https:\/\/mh4hrm.eu\/wp-content\/uploads\/2024\/06\/Partners-logos-1.png\" class=\"wp-post-image wp-image-648\" title=\"Partners logos\" alt=\"Partners logos\" srcset=\"https:\/\/mh4hrm.eu\/wp-content\/uploads\/2024\/06\/Partners-logos-1.png 1193w, https:\/\/mh4hrm.eu\/wp-content\/uploads\/2024\/06\/Partners-logos-1-300x12.png 300w, https:\/\/mh4hrm.eu\/wp-content\/uploads\/2024\/06\/Partners-logos-1-1024x40.png 1024w, https:\/\/mh4hrm.eu\/wp-content\/uploads\/2024\/06\/Partners-logos-1-768x30.png 768w\" sizes=\"(max-width: 1193px) 100vw, 1193px\" \/>    \n        <\/div>\n    <!-- \/image-wrap -->\n    \n        <\/div>\n<!-- \/module image -->        <\/div>\n                        <\/div>\n        <\/div>\n        <\/div>\n<!--\/themify_builder_content-->","protected":false},"excerpt":{"rendered":"<p>MH4HRM \u00e8 un&#8217;iniziativa Europea innovativa, finanziata da Erasmus+ e dedicata al miglioramento, nelle aziende Europee, delle competenze sulla salute mentale.Fornendo ai professionisti HR le skills fondamentali, le risorse tecnologiche e le conoscenze essenziali, vogliamo promuovere il benessere dei dipendenti nel quadro delle attuali sfide, senza precedenti, poste dal mondo del lavoro.Attraverso percorsi di training mirati [&hellip;]<\/p>\n","protected":false},"author":1,"featured_media":0,"parent":0,"menu_order":0,"comment_status":"closed","ping_status":"closed","template":"","meta":{"footnotes":""},"class_list":["post-975","page","type-page","status-publish","hentry","has-post-title","has-post-date","has-post-category","has-post-tag","has-post-comment","has-post-author",""],"builder_content":"<img src=\"https:\/\/mh4hrm.eu\/wp-content\/uploads\/2024\/06\/01_BAKE_in_a_nutshell.png\" title=\"01_BAKE_in_a_nutshell\" alt=\"01_BAKE_in_a_nutshell\" srcset=\"https:\/\/mh4hrm.eu\/wp-content\/uploads\/2024\/06\/01_BAKE_in_a_nutshell.png 702w, https:\/\/mh4hrm.eu\/wp-content\/uploads\/2024\/06\/01_BAKE_in_a_nutshell-300x141.png 300w\" sizes=\"(max-width: 702px) 100vw, 702px\" \/>\n<h1>MH4HRM<br\/>IN BREVE<\/h1>\n\n<p>MH4HRM \u00e8 un'iniziativa Europea innovativa, finanziata da Erasmus+ e dedicata al miglioramento, nelle aziende Europee, delle competenze sulla salute mentale.<br>Fornendo ai professionisti HR le skills fondamentali, le risorse tecnologiche e le conoscenze essenziali, vogliamo promuovere il benessere dei dipendenti nel quadro delle attuali sfide, senza precedenti, poste dal mondo del lavoro.<br>Attraverso percorsi di training mirati e supporti strategici, vogliamo equipaggiare i dipartimenti HR con gli strumenti necessari ad identificare, affrontare, e mitigare in maniera efficace i problemi legati alla salute mentale cos\u00ec da promuovere ambienti di lavoro pi\u00f9 sani nelle aziende Europee.<\/p>\n<a href=\"https:\/\/mh4hrm.eu\/it\/about-us\/\" > Su MH4HRM <\/a>\n<h1>Notizie<br\/><\/h1>\n\n<a href=\"https:\/\/mh4hrm.eu\/it\/news-events\/\" > Tutte le notizie <\/a>\n<h1>Rimani connesso<br\/>con MH4HRM!<\/h1>\n<p style=\"text-align: left;\">Esplora il nostro progetto nel dettaglio, accedi a risorse preziose, e segui gli ultimi aggiornamenti in materia di salute mentale nei luoghi di lavoro. Unisciti a noi nel promuovere il benessere dei lavoratori e nel rafforzare le competenze dei professionisti HR.<\/p>\n<a href=\"https:\/\/mh4hrm.eu\/wp-content\/uploads\/2024\/12\/MH4HRM-BROCHURE-IT.pdf\" > Visualizza la brochure <\/a>\n<h1>Iscriviti all'E-Learning<br\/><\/h1>\n<a href=\"https:\/\/learn.mh4hrm.eu\" > Clicca qui <\/a>\n<h1>MH4HRM <br\/> \u00e8 stato sviluppato da<\/h1>\n\n<img src=\"https:\/\/mh4hrm.eu\/wp-content\/uploads\/2024\/06\/Partners-logos-1.png\" title=\"Partners logos\" alt=\"Partners logos\" srcset=\"https:\/\/mh4hrm.eu\/wp-content\/uploads\/2024\/06\/Partners-logos-1.png 1193w, https:\/\/mh4hrm.eu\/wp-content\/uploads\/2024\/06\/Partners-logos-1-300x12.png 300w, https:\/\/mh4hrm.eu\/wp-content\/uploads\/2024\/06\/Partners-logos-1-1024x40.png 1024w, https:\/\/mh4hrm.eu\/wp-content\/uploads\/2024\/06\/Partners-logos-1-768x30.png 768w\" sizes=\"(max-width: 1193px) 100vw, 1193px\" \/>","_links":{"self":[{"href":"https:\/\/mh4hrm.eu\/it\/wp-json\/wp\/v2\/pages\/975"}],"collection":[{"href":"https:\/\/mh4hrm.eu\/it\/wp-json\/wp\/v2\/pages"}],"about":[{"href":"https:\/\/mh4hrm.eu\/it\/wp-json\/wp\/v2\/types\/page"}],"author":[{"embeddable":true,"href":"https:\/\/mh4hrm.eu\/it\/wp-json\/wp\/v2\/users\/1"}],"replies":[{"embeddable":true,"href":"https:\/\/mh4hrm.eu\/it\/wp-json\/wp\/v2\/comments?post=975"}],"version-history":[{"count":64,"href":"https:\/\/mh4hrm.eu\/it\/wp-json\/wp\/v2\/pages\/975\/revisions"}],"predecessor-version":[{"id":2693,"href":"https:\/\/mh4hrm.eu\/it\/wp-json\/wp\/v2\/pages\/975\/revisions\/2693"}],"wp:attachment":[{"href":"https:\/\/mh4hrm.eu\/it\/wp-json\/wp\/v2\/media?parent=975"}],"curies":[{"name":"wp","href":"https:\/\/api.w.org\/{rel}","templated":true}]}}