{"id":801,"date":"2024-06-14T14:30:20","date_gmt":"2024-06-14T14:30:20","guid":{"rendered":"https:\/\/mh4hrm.eu\/about-us\/"},"modified":"2025-10-17T13:19:34","modified_gmt":"2025-10-17T13:19:34","slug":"about-us","status":"publish","type":"page","link":"https:\/\/mh4hrm.eu\/hr\/about-us\/","title":{"rendered":"\u039f nama"},"content":{"rendered":"<!--themify_builder_content-->\n<div id=\"themify_builder_content-801\" data-postid=\"801\" class=\"themify_builder_content themify_builder_content-801 themify_builder tf_clear\">\n                    <div  data-lazy=\"1\" class=\"module_row themify_builder_row tb_bp57155 tb_first tf_w\">\n                        <div class=\"row_inner col_align_top tb_col_count_1 tf_box tf_rel\">\n                        <div  data-lazy=\"1\" class=\"module_column tb-column col-full tb_nfq6156 first\">\n                    <!-- module fancy heading -->\n<div  class=\"module module-fancy-heading tb_5z9o291  tb_hide_divider\" data-lazy=\"1\">\n        <h1 class=\"fancy-heading tf_textc\">\n    <span class=\"main-head tf_block\">\n                    O NAMA\t            <\/span>\n\n    \n    <span class=\"sub-head tf_block tf_rel\">\n                                <\/span>\n    <\/h1>\n<\/div>\n<!-- \/module fancy heading -->\n<!-- module divider -->\n<div  class=\"module tf_mw module-divider tb_57dq880 solid   \" style=\"border-width: 1px;border-color: #ffffff;\" data-lazy=\"1\">\n    <\/div>\n<!-- \/module divider -->\n<!-- module text -->\n<div  class=\"module module-text tb_6u8349   \" data-lazy=\"1\">\n        <div  class=\"tb_text_wrap\">\n        <p style=\"text-align: center;\">O NAMA U MH4HRM posve\u0107eni smo promicanju dobrobiti zaposlenika osna\u017eivanjem HR stru\u010dnjaka potrebnim vje\u0161tinama, tehnolo\u0161kim alatima i klju\u010dnim znanjem za u\u010dinkovito upravljanje problemima mentalnog zdravlja u europskim poslovnim okru\u017eenjima.<\/p>    <\/div>\n<\/div>\n<!-- \/module text -->        <\/div>\n                        <\/div>\n        <\/div>\n                        <div  data-lazy=\"1\" class=\"module_row themify_builder_row tb_9ryt794 tf_w\">\n                        <div class=\"row_inner col_align_top tb_col_count_1 tf_box tf_rel\">\n                        <div  data-lazy=\"1\" class=\"module_column tb-column col-full tb_e2hx794 first\">\n                    <!-- module fancy heading -->\n<div  class=\"module module-fancy-heading tb_yedz350  inline-fancy-heading tb_hide_divider\" data-lazy=\"1\">\n        <h1 class=\"fancy-heading\">\n    <span class=\"main-head tf_inline_b\">\n                    01            <\/span>\n\n    \n    <span class=\"sub-head tf_inline_b tf_rel\">\n                    -KOJA JE NA\u0160A MISIJA?            <\/span>\n    <\/h1>\n<\/div>\n<!-- \/module fancy heading -->\n<!-- module divider -->\n<div  class=\"module tf_mw module-divider tb_grh6574 solid   \" style=\"border-width: 1px;border-color: #000;margin-top: -15px;\" data-lazy=\"1\">\n    <\/div>\n<!-- \/module divider -->\n<!-- module text -->\n<div  class=\"module module-text tb_6fww527   \" data-lazy=\"1\">\n        <div  class=\"tb_text_wrap\">\n        <p>MH4HRM je nova europska inicijativa, financirana putem Erasmus+ programa, posve\u0107ena unapre\u0111enju kompetencija za upravljanje mentalnim zdravljem unutar europskih poduze\u0107a. Osna\u017eivanjem HR stru\u010dnjaka klju\u010dnim vje\u0161tinama, tehnolo\u0161kim resursima i osnovnim znanjem, cilj nam je poticati dobrobit zaposlenika usred dana\u0161njih izazova na radnom mjestu. Kroz ciljanu edukaciju i strate\u0161ku podr\u0161ku nastojimo opremiti HR odjele alatima potrebnim za u\u010dinkovito prepoznavanje, rje\u0161avanje i ubla\u017eavanje problema mentalnog zdravlja, \u010dime promi\u010demo zdraviju i otporniju radnu snagu \u0161irom Europe.<\/p>    <\/div>\n<\/div>\n<!-- \/module text -->        <\/div>\n                        <\/div>\n        <\/div>\n                        <div  data-lazy=\"1\" class=\"module_row themify_builder_row tb_egpg356 tf_w\">\n                        <div class=\"row_inner col_align_top tb_col_count_1 tf_box tf_rel\">\n                        <div  data-lazy=\"1\" class=\"module_column tb-column col-full tb_bgcu357 first\">\n                    <!-- module fancy heading -->\n<div  class=\"module module-fancy-heading tb_b99t481  inline-fancy-heading tb_hide_divider\" data-lazy=\"1\">\n        <h1 class=\"fancy-heading\">\n    <span class=\"main-head tf_inline_b\">\n                    02            <\/span>\n\n    \n    <span class=\"sub-head tf_inline_b tf_rel\">\n                    -ZA\u0160TO JE MH4HRM VA\u017dAN?            <\/span>\n    <\/h1>\n<\/div>\n<!-- \/module fancy heading -->\n<!-- module divider -->\n<div  class=\"module tf_mw module-divider tb_uwdl173 solid   \" style=\"border-width: 1px;border-color: #000;margin-top: -15px;\" data-lazy=\"1\">\n    <\/div>\n<!-- \/module divider -->\n<!-- module text -->\n<div  class=\"module module-text tb_ozm4656   \" data-lazy=\"1\">\n        <div  class=\"tb_text_wrap\">\n        <p>MH4HRM se bavi s nekoliko klju\u010dnih prioriteta u podru\u010dju edukacija i treninga. Inovativnim doprinosima, na\u0161 projekt ima za cilj revolucionirati na\u010din na koji se problemi mentalnog zdravlja na radnom mjestu rje\u0161avaju. Kroz blisku suradnju izme\u0111u edukatora, HR stru\u010dnjaka, istra\u017eiva\u010dkih centara i relevantnih visoko\u0161kolskih institucija, MH4HRM \u0107e razviti i pilotirati inovativne programe edukacija, opremaju\u0107i korisnike i trenere prakti\u010dnim vje\u0161tinama koje su izravno primjenjive u stvarnim radnim situacijama. Nadalje, na\u0161 projekt se bavi imperativom prilagodbe eduakcije i treninga potrebama tr\u017ei\u0161ta rada, osiguravaju\u0107i da HR stru\u010dnjaci steknu vje\u0161tine koje su bitne za snala\u017eenje u post-epidemijskom okru\u017eenju. Osim toga, MH4HRM prihva\u0107a na\u010delo uklju\u010divosti i raznolikosti integriraju\u0107i osobe s mentalnim problemima u radni kolektiv, poti\u010du\u0107i okru\u017eenje bez predrasuda. Pru\u017eanjem digitalnih alata i resursa, projekt osna\u017euje HR stru\u010dnjake i zaposlenike da otvoreno razgovaraju i u\u010dinkovito rje\u0161avaju probleme mentalnog zdravlja, s ciljem promicanja dobrobiti na radnom mjestu te stvaraju\u0107i podr\u017eavaju\u0107e radno okru\u017eenje.\t<\/p>\n    <\/div>\n<\/div>\n<!-- \/module text -->        <\/div>\n                        <\/div>\n        <\/div>\n                        <div  data-lazy=\"1\" class=\"module_row themify_builder_row tb_all3435 tf_w\">\n                        <div class=\"row_inner col_align_top tb_col_count_1 tf_box tf_rel\">\n                        <div  data-lazy=\"1\" class=\"module_column tb-column col-full tb_we44435 first\">\n                    <!-- module fancy heading -->\n<div  class=\"module module-fancy-heading tb_koca839  inline-fancy-heading tb_hide_divider\" data-lazy=\"1\">\n        <h1 class=\"fancy-heading\">\n    <span class=\"main-head tf_inline_b\">\n                    03            <\/span>\n\n    \n    <span class=\"sub-head tf_inline_b tf_rel\">\n                    -KOJI SU NA\u0160I CILJEVI?            <\/span>\n    <\/h1>\n<\/div>\n<!-- \/module fancy heading -->\n<!-- module divider -->\n<div  class=\"module tf_mw module-divider tb_5kxr412 solid   \" style=\"border-width: 1px;border-color: #000;margin-top: -15px;\" data-lazy=\"1\">\n    <\/div>\n<!-- \/module divider -->\n        <div  data-lazy=\"1\" class=\"module_subrow themify_builder_sub_row tf_w col_align_top tb_col_count_2 tb_xnfa704\">\n                <div  data-lazy=\"1\" class=\"module_column sub_column col4-2 tb_rt88704 first\">\n                    <!-- module image -->\n<div  class=\"module module-image tb_oxtv620 image-top   tf_mw\" data-lazy=\"1\">\n        <div class=\"image-wrap tf_rel tf_mw\">\n            <img loading=\"lazy\" decoding=\"async\" width=\"276\" height=\"549\" src=\"https:\/\/mh4hrm.eu\/wp-content\/uploads\/2024\/06\/Frame.png\" class=\"wp-post-image wp-image-601\" title=\"Frame\" alt=\"Frame\" srcset=\"https:\/\/mh4hrm.eu\/wp-content\/uploads\/2024\/06\/Frame.png 276w, https:\/\/mh4hrm.eu\/wp-content\/uploads\/2024\/06\/Frame-151x300.png 151w\" sizes=\"(max-width: 276px) 100vw, 276px\" \/>    \n        <\/div>\n    <!-- \/image-wrap -->\n    \n        <\/div>\n<!-- \/module image -->        <\/div>\n                    <div  data-lazy=\"1\" class=\"module_column sub_column col4-2 tb_tpm4704 last\">\n                    <!-- module text -->\n<div  class=\"module module-text tb_fpns757   \" data-lazy=\"1\">\n        <div  class=\"tb_text_wrap\">\n        <p>Op\u0107i ciljevi<\/p>    <\/div>\n<\/div>\n<!-- \/module text --><!-- module text -->\n<div  class=\"module module-text tb_w7ln741   \" data-lazy=\"1\">\n        <div  class=\"tb_text_wrap\">\n        <ol>\n<li>\n<div class=\"ewa-rteLine\">Pru\u017eiti znanje potrebno za prevladavanje nedostatka kompetencija za upravljanje problemima mentalnog zdravlja.<\/div>\n<div class=\"ewa-rteLine\">\u00a0<\/div>\n<\/li>\n<li>\n<div class=\"ewa-rteLine\">Razumjeti karakteristike problema mentalnog zdravlja i njihovog utjecaja na rad.<\/div>\n<div class=\"ewa-rteLine\">\u00a0<\/div>\n<\/li>\n<li>\n<div class=\"ewa-rteLine\">Omogu\u0107iti HR stru\u010dnjacima upravljanje problemima mentalnog zdravlja i promicanje dobrobiti zaposlenika.<\/div>\n<\/li>\n<\/ol>    <\/div>\n<\/div>\n<!-- \/module text --><!-- module text -->\n<div  class=\"module module-text tb_mjvo74   \" data-lazy=\"1\">\n        <div  class=\"tb_text_wrap\">\n        <p style=\"text-align: left;\">Specifi\u010dni ciljevi<\/p>    <\/div>\n<\/div>\n<!-- \/module text --><!-- module text -->\n<div  class=\"module module-text tb_vcj8883   \" data-lazy=\"1\">\n        <div  class=\"tb_text_wrap\">\n        <ol>\n<li>Osposobiti HR stru\u010dnjake za rano prepoznavanje mentalnih poreme\u0107aja i psihosocijalnih rizika na radnim mjestima.<\/li>\n<li>Pru\u017eiti stru\u010dnjacima strategije za integraciju osoba s problemima mentalnog zdravlja na radnom mjestu i upravljanje njihovim povratkom na posao nakon odsutnosti.<\/li>\n<li>Pru\u017eiti osnovno znanje o mentalnim bolestima i njihovim u\u010dincima na rad.<\/li>\n<li>Promicati zdrava radna okru\u017eenja kroz alate i dobre prakse dostupne svim zaposlenicima u organizaciji.<\/li>\n<li>Pru\u017eiti znanje kako nadoknaditi nedostatak kompetencija u podru\u010dju mentalnog zdravlja, prilago\u0111avaju\u0107i se stvarnosti europskih poduze\u0107a.<\/li>\n<li>Razumjeti osnovne karakteristike uobi\u010dajenih mentalnih bolesti i kako ih rije\u0161iti na radnom mjestu.<\/li>\n<li>Razviti digitalne alate za stru\u010dnjake i zaposlenike kako bi imali pristup informacijama o dobrobiti i mentalnom zdravlju na radu.<\/li>\n<li>Koristiti tehnologiju za pru\u017eanje mentalnozdravstvene pismenosti prilago\u0111ene trenutnim potrebama europskih poduze\u0107a.<\/li>\n<li>Razvijati &#8220;soft skills&#8221; kroz inovativne tehnolo\u0161ke alate za pobolj\u0161anje dobrobiti zaposlenika i brige o sebi.<\/li>\n<li>Opremiti stru\u010dnjake vje\u0161tinama, tehnolo\u0161kim alatima i znanjem za u\u010dinkovito upravljanje mentalnim zdravljem zaposlenika i planiranje njihove dobrobiti.<\/li>\n<\/ol>    <\/div>\n<\/div>\n<!-- \/module text -->        <\/div>\n                    <\/div>\n        <!-- module text -->\n<div  class=\"module module-text tb_8ar5321   \" data-lazy=\"1\">\n        <div  class=\"tb_text_wrap\">\n        <p style=\"text-align: center;\">Kroz na\u0161 europski projekt sufinanciran putem Erasmus+ programa, nastojimo posti\u0107i ove ciljeve nude\u0107i sveobuhvatnu eduakciju, razvijaju\u0107i inovativna tehnolo\u0161ka rje\u0161enja i promi\u010du\u0107i najbolje prakse u upravljanju mentalnim zdravljem.<\/p>    <\/div>\n<\/div>\n<!-- \/module text -->        <\/div>\n                        <\/div>\n        <\/div>\n                        <div  data-lazy=\"1\" class=\"module_row themify_builder_row tb_36bn585 tf_w\">\n                        <div class=\"row_inner col_align_top tb_col_count_1 tf_box tf_rel\">\n                        <div  data-lazy=\"1\" class=\"module_column tb-column col-full tb_lp9s585 first\">\n                    <!-- module fancy heading -->\n<div  class=\"module module-fancy-heading tb_ut1a572  inline-fancy-heading tb_hide_divider\" data-lazy=\"1\">\n        <h1 class=\"fancy-heading\">\n    <span class=\"main-head tf_inline_b\">\n                    04            <\/span>\n\n    \n    <span class=\"sub-head tf_inline_b tf_rel\">\n                    -TKO RAZVIJA MH4HRM?            <\/span>\n    <\/h1>\n<\/div>\n<!-- \/module fancy heading -->\n<!-- module divider -->\n<div  class=\"module tf_mw module-divider tb_38fo349 solid   \" style=\"border-width: 1px;border-color: #000;margin-top: -15px;\" data-lazy=\"1\">\n    <\/div>\n<!-- \/module divider -->\n        <div  data-lazy=\"1\" class=\"module_subrow themify_builder_sub_row tf_w col_align_top tb_col_count_1 tb_2rll800\">\n                <div  data-lazy=\"1\" class=\"module_column sub_column col-full tb_bldn800 first\">\n                    <!-- module text -->\n<div  class=\"module module-text tb_phnp676   \" data-lazy=\"1\">\n        <div  class=\"tb_text_wrap\">\n        <p>MH4HRM uklju\u010duje projektne partnere iz 5 razli\u010ditih zemalja, stvaraju\u0107i most znanja izme\u0111u Hrvatske, Gr\u010dke, Italije, Potrugala i \u0160panjolske.<\/p>    <\/div>\n<\/div>\n<!-- \/module text --><!-- module image -->\n<div  class=\"module module-image tb_ttas140 image-top   tf_mw\" data-lazy=\"1\">\n        <div class=\"image-wrap tf_rel tf_mw\">\n            <img loading=\"lazy\" decoding=\"async\" width=\"1102\" height=\"838\" src=\"https:\/\/mh4hrm.eu\/wp-content\/uploads\/2024\/06\/Screenshot_149.png\" class=\"wp-post-image wp-image-666\" title=\"Screenshot_149\" alt=\"Screenshot_149\" srcset=\"https:\/\/mh4hrm.eu\/wp-content\/uploads\/2024\/06\/Screenshot_149.png 1102w, https:\/\/mh4hrm.eu\/wp-content\/uploads\/2024\/06\/Screenshot_149-300x228.png 300w, https:\/\/mh4hrm.eu\/wp-content\/uploads\/2024\/06\/Screenshot_149-1024x779.png 1024w, https:\/\/mh4hrm.eu\/wp-content\/uploads\/2024\/06\/Screenshot_149-768x584.png 768w\" sizes=\"(max-width: 1102px) 100vw, 1102px\" \/>    \n        <\/div>\n    <!-- \/image-wrap -->\n    \n        <\/div>\n<!-- \/module image -->        <\/div>\n                    <\/div>\n                <\/div>\n                        <\/div>\n        <\/div>\n        <\/div>\n<!--\/themify_builder_content-->","protected":false},"excerpt":{"rendered":"<p>O NAMA U MH4HRM posve\u0107eni smo promicanju dobrobiti zaposlenika osna\u017eivanjem HR stru\u010dnjaka potrebnim vje\u0161tinama, tehnolo\u0161kim alatima i klju\u010dnim znanjem za u\u010dinkovito upravljanje problemima mentalnog zdravlja u europskim poslovnim okru\u017eenjima.<\/p>\n","protected":false},"author":1,"featured_media":0,"parent":0,"menu_order":0,"comment_status":"closed","ping_status":"closed","template":"","meta":{"footnotes":""},"class_list":["post-801","page","type-page","status-publish","hentry","has-post-title","has-post-date","has-post-category","has-post-tag","has-post-comment","has-post-author",""],"builder_content":"<h1>O NAMA <br\/><\/h1>\n\n<p style=\"text-align: center;\">O NAMA U MH4HRM posve\u0107eni smo promicanju dobrobiti zaposlenika osna\u017eivanjem HR stru\u010dnjaka potrebnim vje\u0161tinama, tehnolo\u0161kim alatima i klju\u010dnim znanjem za u\u010dinkovito upravljanje problemima mentalnog zdravlja u europskim poslovnim okru\u017eenjima.<\/p>\n<h1>01<br\/>-KOJA JE NA\u0160A MISIJA?<\/h1>\n\n<p>MH4HRM je nova europska inicijativa, financirana putem Erasmus+ programa, posve\u0107ena unapre\u0111enju kompetencija za upravljanje mentalnim zdravljem unutar europskih poduze\u0107a. Osna\u017eivanjem HR stru\u010dnjaka klju\u010dnim vje\u0161tinama, tehnolo\u0161kim resursima i osnovnim znanjem, cilj nam je poticati dobrobit zaposlenika usred dana\u0161njih izazova na radnom mjestu. Kroz ciljanu edukaciju i strate\u0161ku podr\u0161ku nastojimo opremiti HR odjele alatima potrebnim za u\u010dinkovito prepoznavanje, rje\u0161avanje i ubla\u017eavanje problema mentalnog zdravlja, \u010dime promi\u010demo zdraviju i otporniju radnu snagu \u0161irom Europe.<\/p>\n<h1>02<br\/>-ZA\u0160TO JE MH4HRM VA\u017dAN?<\/h1>\n\n<p>MH4HRM se bavi s nekoliko klju\u010dnih prioriteta u podru\u010dju edukacija i treninga. Inovativnim doprinosima, na\u0161 projekt ima za cilj revolucionirati na\u010din na koji se problemi mentalnog zdravlja na radnom mjestu rje\u0161avaju. Kroz blisku suradnju izme\u0111u edukatora, HR stru\u010dnjaka, istra\u017eiva\u010dkih centara i relevantnih visoko\u0161kolskih institucija, MH4HRM \u0107e razviti i pilotirati inovativne programe edukacija, opremaju\u0107i korisnike i trenere prakti\u010dnim vje\u0161tinama koje su izravno primjenjive u stvarnim radnim situacijama. Nadalje, na\u0161 projekt se bavi imperativom prilagodbe eduakcije i treninga potrebama tr\u017ei\u0161ta rada, osiguravaju\u0107i da HR stru\u010dnjaci steknu vje\u0161tine koje su bitne za snala\u017eenje u post-epidemijskom okru\u017eenju. Osim toga, MH4HRM prihva\u0107a na\u010delo uklju\u010divosti i raznolikosti integriraju\u0107i osobe s mentalnim problemima u radni kolektiv, poti\u010du\u0107i okru\u017eenje bez predrasuda. Pru\u017eanjem digitalnih alata i resursa, projekt osna\u017euje HR stru\u010dnjake i zaposlenike da otvoreno razgovaraju i u\u010dinkovito rje\u0161avaju probleme mentalnog zdravlja, s ciljem promicanja dobrobiti na radnom mjestu te stvaraju\u0107i podr\u017eavaju\u0107e radno okru\u017eenje. <\/p>\n<h1>03<br\/>-KOJI SU NA\u0160I CILJEVI?<\/h1>\n\n<img src=\"https:\/\/mh4hrm.eu\/wp-content\/uploads\/2024\/06\/Frame.png\" title=\"Frame\" alt=\"Frame\" srcset=\"https:\/\/mh4hrm.eu\/wp-content\/uploads\/2024\/06\/Frame.png 276w, https:\/\/mh4hrm.eu\/wp-content\/uploads\/2024\/06\/Frame-151x300.png 151w\" sizes=\"(max-width: 276px) 100vw, 276px\" \/>\n<p>Op\u0107i ciljevi<\/p>\n<ol> <li> Pru\u017eiti znanje potrebno za prevladavanje nedostatka kompetencija za upravljanje problemima mentalnog zdravlja. \u00a0 <\/li> <li> Razumjeti karakteristike problema mentalnog zdravlja i njihovog utjecaja na rad. \u00a0 <\/li> <li> Omogu\u0107iti HR stru\u010dnjacima upravljanje problemima mentalnog zdravlja i promicanje dobrobiti zaposlenika. <\/li> <\/ol>\n<p style=\"text-align: left;\">Specifi\u010dni ciljevi<\/p>\n<ol> <li>Osposobiti HR stru\u010dnjake za rano prepoznavanje mentalnih poreme\u0107aja i psihosocijalnih rizika na radnim mjestima.<\/li> <li>Pru\u017eiti stru\u010dnjacima strategije za integraciju osoba s problemima mentalnog zdravlja na radnom mjestu i upravljanje njihovim povratkom na posao nakon odsutnosti.<\/li> <li>Pru\u017eiti osnovno znanje o mentalnim bolestima i njihovim u\u010dincima na rad.<\/li> <li>Promicati zdrava radna okru\u017eenja kroz alate i dobre prakse dostupne svim zaposlenicima u organizaciji.<\/li> <li>Pru\u017eiti znanje kako nadoknaditi nedostatak kompetencija u podru\u010dju mentalnog zdravlja, prilago\u0111avaju\u0107i se stvarnosti europskih poduze\u0107a.<\/li> <li>Razumjeti osnovne karakteristike uobi\u010dajenih mentalnih bolesti i kako ih rije\u0161iti na radnom mjestu.<\/li> <li>Razviti digitalne alate za stru\u010dnjake i zaposlenike kako bi imali pristup informacijama o dobrobiti i mentalnom zdravlju na radu.<\/li> <li>Koristiti tehnologiju za pru\u017eanje mentalnozdravstvene pismenosti prilago\u0111ene trenutnim potrebama europskih poduze\u0107a.<\/li> <li>Razvijati \"soft skills\" kroz inovativne tehnolo\u0161ke alate za pobolj\u0161anje dobrobiti zaposlenika i brige o sebi.<\/li> <li>Opremiti stru\u010dnjake vje\u0161tinama, tehnolo\u0161kim alatima i znanjem za u\u010dinkovito upravljanje mentalnim zdravljem zaposlenika i planiranje njihove dobrobiti.<\/li> <\/ol>\n<p style=\"text-align: center;\">Kroz na\u0161 europski projekt sufinanciran putem Erasmus+ programa, nastojimo posti\u0107i ove ciljeve nude\u0107i sveobuhvatnu eduakciju, razvijaju\u0107i inovativna tehnolo\u0161ka rje\u0161enja i promi\u010du\u0107i najbolje prakse u upravljanju mentalnim zdravljem.<\/p>\n<h1>04<br\/>-TKO RAZVIJA MH4HRM?<\/h1>\n\n<p>MH4HRM uklju\u010duje projektne partnere iz 5 razli\u010ditih zemalja, stvaraju\u0107i most znanja izme\u0111u Hrvatske, Gr\u010dke, Italije, Potrugala i \u0160panjolske.<\/p>\n<img src=\"https:\/\/mh4hrm.eu\/wp-content\/uploads\/2024\/06\/Screenshot_149.png\" title=\"Screenshot_149\" alt=\"Screenshot_149\" srcset=\"https:\/\/mh4hrm.eu\/wp-content\/uploads\/2024\/06\/Screenshot_149.png 1102w, https:\/\/mh4hrm.eu\/wp-content\/uploads\/2024\/06\/Screenshot_149-300x228.png 300w, https:\/\/mh4hrm.eu\/wp-content\/uploads\/2024\/06\/Screenshot_149-1024x779.png 1024w, https:\/\/mh4hrm.eu\/wp-content\/uploads\/2024\/06\/Screenshot_149-768x584.png 768w\" sizes=\"(max-width: 1102px) 100vw, 1102px\" \/>","_links":{"self":[{"href":"https:\/\/mh4hrm.eu\/hr\/wp-json\/wp\/v2\/pages\/801"}],"collection":[{"href":"https:\/\/mh4hrm.eu\/hr\/wp-json\/wp\/v2\/pages"}],"about":[{"href":"https:\/\/mh4hrm.eu\/hr\/wp-json\/wp\/v2\/types\/page"}],"author":[{"embeddable":true,"href":"https:\/\/mh4hrm.eu\/hr\/wp-json\/wp\/v2\/users\/1"}],"replies":[{"embeddable":true,"href":"https:\/\/mh4hrm.eu\/hr\/wp-json\/wp\/v2\/comments?post=801"}],"version-history":[{"count":43,"href":"https:\/\/mh4hrm.eu\/hr\/wp-json\/wp\/v2\/pages\/801\/revisions"}],"predecessor-version":[{"id":2713,"href":"https:\/\/mh4hrm.eu\/hr\/wp-json\/wp\/v2\/pages\/801\/revisions\/2713"}],"wp:attachment":[{"href":"https:\/\/mh4hrm.eu\/hr\/wp-json\/wp\/v2\/media?parent=801"}],"curies":[{"name":"wp","href":"https:\/\/api.w.org\/{rel}","templated":true}]}}