{"id":890,"date":"2024-06-15T07:43:30","date_gmt":"2024-06-15T07:43:30","guid":{"rendered":"https:\/\/mh4hrm.eu\/activities\/"},"modified":"2025-10-17T13:54:52","modified_gmt":"2025-10-17T13:54:52","slug":"activities","status":"publish","type":"page","link":"https:\/\/mh4hrm.eu\/es\/activities\/","title":{"rendered":"ACTIVIDADES"},"content":{"rendered":"<!--themify_builder_content-->\n<div id=\"themify_builder_content-890\" data-postid=\"890\" class=\"themify_builder_content themify_builder_content-890 themify_builder tf_clear\">\n                    <div  data-lazy=\"1\" class=\"module_row themify_builder_row tb_2ned7 tb_first tf_w\">\n                        <div class=\"row_inner col_align_top tb_col_count_1 tf_box tf_rel\">\n                        <div  data-lazy=\"1\" class=\"module_column tb-column col-full tb_0md67 first\">\n                    <!-- module fancy heading -->\n<div  class=\"module module-fancy-heading tb_raen666  inline-fancy-heading tb_hide_divider\" data-lazy=\"1\">\n        <h1 class=\"fancy-heading tf_textc\">\n    <span class=\"main-head tf_inline_b\">\n                    ACTIVIDADES            <\/span>\n\n    \n    <span class=\"sub-head tf_inline_b tf_rel\">\n                                <\/span>\n    <\/h1>\n<\/div>\n<!-- \/module fancy heading -->\n<!-- module divider -->\n<div  class=\"module tf_mw module-divider tb_eigy610 solid   \" style=\"border-width: 1px;border-color: #000;margin-top: -10px;\" data-lazy=\"1\">\n    <\/div>\n<!-- \/module divider -->\n<!-- module text -->\n<div  class=\"module module-text tb_25dx449   \" data-lazy=\"1\">\n        <div  class=\"tb_text_wrap\">\n        <p>El proyecto MH4HRM llevar\u00e1 a cabo una serie de actividades destinadas a mejorar la comprensi\u00f3n y la gesti\u00f3n de la salud mental en el lugar de trabajo.<\/p>    <\/div>\n<\/div>\n<!-- \/module text -->        <div  data-lazy=\"1\" class=\"module_subrow themify_builder_sub_row tf_w col_align_top tb_col_count_4 tb_3d9x201\">\n                <div  data-lazy=\"1\" class=\"module_column sub_column col4-1 tb_em2q201 first\">\n                    <!-- module text -->\n<div  class=\"module module-text tb_rakd462   \" data-lazy=\"1\">\n        <div  class=\"tb_text_wrap\">\n        <p style=\"text-align: center;\">Identificaremos y compararemos los factores clave, las herramientas y las mejores pr\u00e1cticas esenciales para comprender y abordar los problemas de salud mental en el trabajo.<\/p>    <\/div>\n<\/div>\n<!-- \/module text -->        <\/div>\n                    <div  data-lazy=\"1\" class=\"module_column sub_column col4-1 tb_our8202\">\n                    <!-- module text -->\n<div  class=\"module module-text tb_qja9435   \" data-lazy=\"1\">\n        <div  class=\"tb_text_wrap\">\n        <p style=\"text-align: center;\">Analizaremos en profundidad las competencias t\u00e9cnicas y sociales cruciales para que los profesionales de RRHH gestionen eficazmente la salud mental.<\/p>    <\/div>\n<\/div>\n<!-- \/module text -->        <\/div>\n                    <div  data-lazy=\"1\" class=\"module_column sub_column col4-1 tb_u7d0202\">\n                    <!-- module text -->\n<div  class=\"module module-text tb_6osh363   \" data-lazy=\"1\">\n        <div  class=\"tb_text_wrap\">\n        <p style=\"text-align: center;\">Nos embarcaremos en el desarrollo de una aplicaci\u00f3n web y m\u00f3vil de f\u00e1cil uso para facilitar experiencias de aprendizaje fluidas.<\/p>    <\/div>\n<\/div>\n<!-- \/module text -->        <\/div>\n                    <div  data-lazy=\"1\" class=\"module_column sub_column col4-1 tb_ji8p202 last\">\n                    <!-- module text -->\n<div  class=\"module module-text tb_uqgv743   \" data-lazy=\"1\">\n        <div  class=\"tb_text_wrap\">\n        <p style=\"text-align: center;\">Desarrollaremos un completo programa de aprendizaje electr\u00f3nico adaptado espec\u00edficamente a los profesionales de RRHH, que abarcar\u00e1 60 horas de contenidos pr\u00e1cticos, estudios de casos reales y materiales digitales audiovisuales.<\/p>    <\/div>\n<\/div>\n<!-- \/module text -->        <\/div>\n                    <\/div>\n                <\/div>\n                        <\/div>\n        <\/div>\n                        <div  data-lazy=\"1\" class=\"module_row themify_builder_row tb_32dn660 tf_w\">\n                        <div class=\"row_inner col_align_top tb_col_count_1 tf_box tf_rel\">\n                        <div  data-lazy=\"1\" class=\"module_column tb-column col-full tb_vh78660 first\">\n                    <!-- module fancy heading -->\n<div  class=\"module module-fancy-heading tb_niac10  inline-fancy-heading tb_hide_divider\" data-lazy=\"1\">\n        <h1 class=\"fancy-heading tf_textc\">\n    <span class=\"main-head tf_inline_b\">\n                    RESULTADOS            <\/span>\n\n    \n    <span class=\"sub-head tf_inline_b tf_rel\">\n                                <\/span>\n    <\/h1>\n<\/div>\n<!-- \/module fancy heading -->\n<!-- module divider -->\n<div  class=\"module tf_mw module-divider tb_rcu8982 solid   \" style=\"border-width: 1px;border-color: #000;margin-top: -10px;\" data-lazy=\"1\">\n    <\/div>\n<!-- \/module divider -->\n        <div  data-lazy=\"1\" class=\"module_subrow themify_builder_sub_row tf_w col_align_top tb_col_count_2 tb_aev7556\">\n                <div  data-lazy=\"1\" class=\"module_column sub_column col4-2 tb_qxkm557 first\">\n                    <!-- module text -->\n<div  class=\"module module-text tb_r3e0216   \" data-lazy=\"1\">\n        <div  class=\"tb_text_wrap\">\n        <p style=\"text-align: center;\">Programa de formaci\u00f3n de 60 horas espec\u00edfico para la gesti\u00f3n de la salud mental en las organizaciones.<\/p>    <\/div>\n<\/div>\n<!-- \/module text -->        <\/div>\n                    <div  data-lazy=\"1\" class=\"module_column sub_column col4-2 tb_qkh8557 last\">\n                    <!-- module text -->\n<div  class=\"module module-text tb_a88c447   \" data-lazy=\"1\">\n        <div  class=\"tb_text_wrap\">\n        <p>Se ha dise\u00f1ado meticulosamente un completo programa de formaci\u00f3n para dotar a los profesionales de RRHH de los conocimientos, herramientas y habilidades necesarios para aplicar un enfoque integrado de la gesti\u00f3n de la salud mental en el lugar de trabajo, garantizando su destreza en pr\u00e1cticas de gesti\u00f3n de \u00e9xito.<\/p>    <\/div>\n<\/div>\n<!-- \/module text -->        <\/div>\n                    <\/div>\n                <div  data-lazy=\"1\" class=\"module_subrow themify_builder_sub_row tf_w col_align_top tb_col_count_2 tb_na1e84\">\n                <div  data-lazy=\"1\" class=\"module_column sub_column col4-2 tb_mr7084 first\">\n                    <!-- module text -->\n<div  class=\"module module-text tb_0msb84   \" data-lazy=\"1\">\n        <div  class=\"tb_text_wrap\">\n        <p style=\"text-align: center;\">Plataforma web y cursos de e-learning espec\u00edficos para responsables de RRHH.<\/p>    <\/div>\n<\/div>\n<!-- \/module text -->        <\/div>\n                    <div  data-lazy=\"1\" class=\"module_column sub_column col4-2 tb_pois84 last\">\n                    <!-- module text -->\n<div  class=\"module module-text tb_jtue84   \" data-lazy=\"1\">\n        <div  class=\"tb_text_wrap\">\n        <p>Una plataforma de vanguardia y f\u00e1cil de usar, complementada con una interfaz web\/aplicaci\u00f3n m\u00f3vil, para garantizar la accesibilidad y la difusi\u00f3n eficaz de todos los resultados del proyecto. Esta plataforma sirve de repositorio central para albergar los contenidos digitales, podcasts y v\u00eddeos de microaprendizaje generados a lo largo de las distintas fases de nuestro proyecto. Adem\u00e1s, el desarrollo de un espacio de networking online entre expertos en salud mental y gestores enriquece a\u00fan m\u00e1s la utilidad de la plataforma.<\/p>    <\/div>\n<\/div>\n<!-- \/module text --><!-- module buttons -->\n<div  class=\"module module-buttons tb_r4jn955 buttons-horizontal solid  large circle\" data-lazy=\"1\">\n        <div class=\"module-buttons-item tf_in_flx\">\n                        <a href=\"https:\/\/learn.mh4hrm.eu\/\" class=\"ui builder_button tf_in_flx black\" target=\"_blank\" rel=\"noopener\">\n                                                Visita la plataforma                                        <\/a>\n                <\/div>\n            <\/div>\n<!-- \/module buttons -->\n        <\/div>\n                    <\/div>\n                <div  data-lazy=\"1\" class=\"module_subrow themify_builder_sub_row tf_w col_align_top tb_col_count_2 tb_483b294\">\n                <div  data-lazy=\"1\" class=\"module_column sub_column col4-2 tb_b3o0294 first\">\n                    <!-- module text -->\n<div  class=\"module module-text tb_zr03294   \" data-lazy=\"1\">\n        <div  class=\"tb_text_wrap\">\n        <p style=\"text-align: center;\">Conjunto de herramientas compuesto por v\u00eddeos de microaprendizaje, podcasts y aplicaciones web\/m\u00f3vil para el cuidado de la salud mental en el trabajo.<\/p>    <\/div>\n<\/div>\n<!-- \/module text -->        <\/div>\n                    <div  data-lazy=\"1\" class=\"module_column sub_column col4-2 tb_lbkh294 last\">\n                    <!-- module text -->\n<div  class=\"module module-text tb_q90k294   \" data-lazy=\"1\">\n        <div  class=\"tb_text_wrap\">\n        <p>MH4HRM lidera la innovaci\u00f3n con la introducci\u00f3n de contenidos digitales din\u00e1micos a trav\u00e9s de diversos medios. Una de estas innovaciones es la creaci\u00f3n de podcasts, que ofrecen interesantes debates en formato de audio. Estos podcasts, que pueden descargarse o transmitirse en el sitio web del proyecto o en cualquier plataforma de podcasting, ofrecen a los usuarios una v\u00eda c\u00f3moda para acceder a informaci\u00f3n y orientaci\u00f3n valiosas sobre temas de salud mental. Esta iniciativa se complementa con microv\u00eddeos de aprendizaje, de 3 a 5 minutos de duraci\u00f3n cada uno, que abarcan diversos temas, desde la gesti\u00f3n del estr\u00e9s hasta t\u00e9cnicas de autocuidado como la atenci\u00f3n plena. Estos v\u00eddeos cortos est\u00e1n dise\u00f1ados para un consumo r\u00e1pido, por lo que son ideales para profesionales ocupados que buscan consejos pr\u00e1cticos para mejorar el bienestar mental. Adem\u00e1s, el proyecto pretende desarrollar una aplicaci\u00f3n m\u00f3vil equipada con programas de tutor\u00eda adaptados para promover la salud mental y el bienestar entre los trabajadores. Esta aplicaci\u00f3n funciona como un centro de recursos integral que ofrece apoyo y orientaci\u00f3n a los usuarios en su camino hacia la mejora del bienestar mental. <\/p>    <\/div>\n<\/div>\n<!-- \/module text -->        <div  data-lazy=\"1\" class=\"module_subrow themify_builder_sub_row tf_w col_align_top tb_col_count_2 tb_0xkg370\">\n                <div  data-lazy=\"1\" class=\"module_column sub_column col4-2 tb_h3ae370 first\">\n                    <!-- module image -->\n<div  class=\"module module-image tb_23kt370 image-top   tf_mw\" data-lazy=\"1\">\n        <div class=\"image-wrap tf_rel tf_mw\">\n            <a href=\"https:\/\/play.google.com\/store\/apps\/details?id=com.moodle.moodlemobile&#038;hl=EN\">\n                   <img decoding=\"async\" src=\"https:\/\/mh4hrm.eu\/wp-content\/uploads\/2025\/10\/png-transparent-google-play-logo-203x60.png\" height=\"60\" class=\"wp-post-image wp-image-2741\" title=\"png-transparent-google-play-logo\" alt=\"png-transparent-google-play-logo\">        <\/a>\n    \n        <\/div>\n    <!-- \/image-wrap -->\n    \n        <\/div>\n<!-- \/module image -->        <\/div>\n                    <div  data-lazy=\"1\" class=\"module_column sub_column col4-2 tb_kdy5370 last\">\n                    <!-- module image -->\n<div  class=\"module module-image tb_5fbd370 image-top   tf_mw\" data-lazy=\"1\">\n        <div class=\"image-wrap tf_rel tf_mw\">\n            <a href=\"https:\/\/apps.apple.com\/us\/app\/moodle\/id633359593\">\n                   <img decoding=\"async\" src=\"https:\/\/mh4hrm.eu\/wp-content\/uploads\/2025\/10\/Available_on_the_App_Store-202x60.png\" height=\"60\" class=\"wp-post-image wp-image-2733\" title=\"Available_on_the_App_Store\" alt=\"Available_on_the_App_Store\">        <\/a>\n    \n        <\/div>\n    <!-- \/image-wrap -->\n    \n        <\/div>\n<!-- \/module image -->        <\/div>\n                    <\/div>\n                <\/div>\n                    <\/div>\n                <\/div>\n                        <\/div>\n        <\/div>\n        <\/div>\n<!--\/themify_builder_content-->","protected":false},"excerpt":{"rendered":"<p>El proyecto MH4HRM llevar\u00e1 a cabo una serie de actividades destinadas a mejorar la comprensi\u00f3n y la gesti\u00f3n de la salud mental en el lugar de trabajo.<\/p>\n","protected":false},"author":1,"featured_media":0,"parent":0,"menu_order":0,"comment_status":"closed","ping_status":"closed","template":"","meta":{"footnotes":""},"class_list":["post-890","page","type-page","status-publish","hentry","has-post-title","has-post-date","has-post-category","has-post-tag","has-post-comment","has-post-author",""],"builder_content":"<h1>ACTIVIDADES<br\/><\/h1>\n\n<p>El proyecto MH4HRM llevar\u00e1 a cabo una serie de actividades destinadas a mejorar la comprensi\u00f3n y la gesti\u00f3n de la salud mental en el lugar de trabajo.<\/p>\n<p style=\"text-align: center;\">Identificaremos y compararemos los factores clave, las herramientas y las mejores pr\u00e1cticas esenciales para comprender y abordar los problemas de salud mental en el trabajo.<\/p>\n<p style=\"text-align: center;\">Analizaremos en profundidad las competencias t\u00e9cnicas y sociales cruciales para que los profesionales de RRHH gestionen eficazmente la salud mental.<\/p>\n<p style=\"text-align: center;\">Nos embarcaremos en el desarrollo de una aplicaci\u00f3n web y m\u00f3vil de f\u00e1cil uso para facilitar experiencias de aprendizaje fluidas.<\/p>\n<p style=\"text-align: center;\">Desarrollaremos un completo programa de aprendizaje electr\u00f3nico adaptado espec\u00edficamente a los profesionales de RRHH, que abarcar\u00e1 60 horas de contenidos pr\u00e1cticos, estudios de casos reales y materiales digitales audiovisuales.<\/p>\n<h1>RESULTADOS<br\/><\/h1>\n\n<p style=\"text-align: center;\">Programa de formaci\u00f3n de 60 horas espec\u00edfico para la gesti\u00f3n de la salud mental en las organizaciones.<\/p>\n<p>Se ha dise\u00f1ado meticulosamente un completo programa de formaci\u00f3n para dotar a los profesionales de RRHH de los conocimientos, herramientas y habilidades necesarios para aplicar un enfoque integrado de la gesti\u00f3n de la salud mental en el lugar de trabajo, garantizando su destreza en pr\u00e1cticas de gesti\u00f3n de \u00e9xito.<\/p>\n<p style=\"text-align: center;\">Plataforma web y cursos de e-learning espec\u00edficos para responsables de RRHH.<\/p>\n<p>Una plataforma de vanguardia y f\u00e1cil de usar, complementada con una interfaz web\/aplicaci\u00f3n m\u00f3vil, para garantizar la accesibilidad y la difusi\u00f3n eficaz de todos los resultados del proyecto. Esta plataforma sirve de repositorio central para albergar los contenidos digitales, podcasts y v\u00eddeos de microaprendizaje generados a lo largo de las distintas fases de nuestro proyecto. Adem\u00e1s, el desarrollo de un espacio de networking online entre expertos en salud mental y gestores enriquece a\u00fan m\u00e1s la utilidad de la plataforma.<\/p>\n<a href=\"https:\/\/learn.mh4hrm.eu\/\" target=\"_blank\" rel=\"noopener\"> Visita la plataforma <\/a>\n<p style=\"text-align: center;\">Conjunto de herramientas compuesto por v\u00eddeos de microaprendizaje, podcasts y aplicaciones web\/m\u00f3vil para el cuidado de la salud mental en el trabajo.<\/p>\n<p>MH4HRM lidera la innovaci\u00f3n con la introducci\u00f3n de contenidos digitales din\u00e1micos a trav\u00e9s de diversos medios. Una de estas innovaciones es la creaci\u00f3n de podcasts, que ofrecen interesantes debates en formato de audio. Estos podcasts, que pueden descargarse o transmitirse en el sitio web del proyecto o en cualquier plataforma de podcasting, ofrecen a los usuarios una v\u00eda c\u00f3moda para acceder a informaci\u00f3n y orientaci\u00f3n valiosas sobre temas de salud mental. Esta iniciativa se complementa con microv\u00eddeos de aprendizaje, de 3 a 5 minutos de duraci\u00f3n cada uno, que abarcan diversos temas, desde la gesti\u00f3n del estr\u00e9s hasta t\u00e9cnicas de autocuidado como la atenci\u00f3n plena. Estos v\u00eddeos cortos est\u00e1n dise\u00f1ados para un consumo r\u00e1pido, por lo que son ideales para profesionales ocupados que buscan consejos pr\u00e1cticos para mejorar el bienestar mental. Adem\u00e1s, el proyecto pretende desarrollar una aplicaci\u00f3n m\u00f3vil equipada con programas de tutor\u00eda adaptados para promover la salud mental y el bienestar entre los trabajadores. Esta aplicaci\u00f3n funciona como un centro de recursos integral que ofrece apoyo y orientaci\u00f3n a los usuarios en su camino hacia la mejora del bienestar mental. <\/p>\n<a href=\"https:\/\/play.google.com\/store\/apps\/details?id=com.moodle.moodlemobile&#038;hl=EN\"> <img src=\"https:\/\/mh4hrm.eu\/wp-content\/uploads\/2025\/10\/png-transparent-google-play-logo-203x60.png\" height=\"60\" title=\"png-transparent-google-play-logo\" alt=\"png-transparent-google-play-logo\"> <\/a>\n<a href=\"https:\/\/apps.apple.com\/us\/app\/moodle\/id633359593\"> <img src=\"https:\/\/mh4hrm.eu\/wp-content\/uploads\/2025\/10\/Available_on_the_App_Store-202x60.png\" height=\"60\" title=\"Available_on_the_App_Store\" alt=\"Available_on_the_App_Store\"> <\/a>","_links":{"self":[{"href":"https:\/\/mh4hrm.eu\/es\/wp-json\/wp\/v2\/pages\/890"}],"collection":[{"href":"https:\/\/mh4hrm.eu\/es\/wp-json\/wp\/v2\/pages"}],"about":[{"href":"https:\/\/mh4hrm.eu\/es\/wp-json\/wp\/v2\/types\/page"}],"author":[{"embeddable":true,"href":"https:\/\/mh4hrm.eu\/es\/wp-json\/wp\/v2\/users\/1"}],"replies":[{"embeddable":true,"href":"https:\/\/mh4hrm.eu\/es\/wp-json\/wp\/v2\/comments?post=890"}],"version-history":[{"count":10,"href":"https:\/\/mh4hrm.eu\/es\/wp-json\/wp\/v2\/pages\/890\/revisions"}],"predecessor-version":[{"id":2759,"href":"https:\/\/mh4hrm.eu\/es\/wp-json\/wp\/v2\/pages\/890\/revisions\/2759"}],"wp:attachment":[{"href":"https:\/\/mh4hrm.eu\/es\/wp-json\/wp\/v2\/media?parent=890"}],"curies":[{"name":"wp","href":"https:\/\/api.w.org\/{rel}","templated":true}]}}