{"id":841,"date":"2024-06-14T14:30:20","date_gmt":"2024-06-14T14:30:20","guid":{"rendered":"https:\/\/mh4hrm.eu\/about-us\/"},"modified":"2024-09-20T06:51:24","modified_gmt":"2024-09-20T06:51:24","slug":"about-us","status":"publish","type":"page","link":"https:\/\/mh4hrm.eu\/es\/about-us\/","title":{"rendered":"SOBRE NOSOTROS\/AS"},"content":{"rendered":"<!--themify_builder_content-->\n<div id=\"themify_builder_content-841\" data-postid=\"841\" class=\"themify_builder_content themify_builder_content-841 themify_builder tf_clear\">\n                    <div  data-lazy=\"1\" class=\"module_row themify_builder_row tb_bp57155 tb_first tf_w\">\n                        <div class=\"row_inner col_align_top tb_col_count_1 tf_box tf_rel\">\n                        <div  data-lazy=\"1\" class=\"module_column tb-column col-full tb_nfq6156 first\">\n                    <!-- module fancy heading -->\n<div  class=\"module module-fancy-heading tb_5z9o291  tb_hide_divider\" data-lazy=\"1\">\n        <h1 class=\"fancy-heading tf_textc\">\n    <span class=\"main-head tf_block\">\n                    SOBRE NOSOTROS\/AS            <\/span>\n\n    \n    <span class=\"sub-head tf_block tf_rel\">\n                                <\/span>\n    <\/h1>\n<\/div>\n<!-- \/module fancy heading -->\n<!-- module divider -->\n<div  class=\"module tf_mw module-divider tb_57dq880 solid   \" style=\"border-width: 1px;border-color: #ffffff;\" data-lazy=\"1\">\n    <\/div>\n<!-- \/module divider -->\n<!-- module text -->\n<div  class=\"module module-text tb_6u8349   \" data-lazy=\"1\">\n        <div  class=\"tb_text_wrap\">\n        <p style=\"text-align: center;\">En MH4HRM nos dedicamos a promover el bienestar de los empleados dotando a los profesionales de RRHH de las habilidades necesarias, las herramientas tecnol\u00f3gicas y los conocimientos clave para gestionar eficazmente los problemas de salud mental en los entornos empresariales europeos.<\/p>    <\/div>\n<\/div>\n<!-- \/module text -->        <\/div>\n                        <\/div>\n        <\/div>\n                        <div  data-lazy=\"1\" class=\"module_row themify_builder_row tb_9ryt794 tf_w\">\n                        <div class=\"row_inner col_align_top tb_col_count_1 tf_box tf_rel\">\n                        <div  data-lazy=\"1\" class=\"module_column tb-column col-full tb_e2hx794 first\">\n                    <!-- module fancy heading -->\n<div  class=\"module module-fancy-heading tb_yedz350  inline-fancy-heading tb_hide_divider\" data-lazy=\"1\">\n        <h1 class=\"fancy-heading\">\n    <span class=\"main-head tf_inline_b\">\n                    \u00bfCU\u00c1L ES NUESTRA MISI\u00d3N?            <\/span>\n\n    \n    <span class=\"sub-head tf_inline_b tf_rel\">\n                    01            <\/span>\n    <\/h1>\n<\/div>\n<!-- \/module fancy heading -->\n<!-- module divider -->\n<div  class=\"module tf_mw module-divider tb_grh6574 solid   \" style=\"border-width: 1px;border-color: #000;margin-top: -15px;\" data-lazy=\"1\">\n    <\/div>\n<!-- \/module divider -->\n<!-- module text -->\n<div  class=\"module module-text tb_6fww527   \" data-lazy=\"1\">\n        <div  class=\"tb_text_wrap\">\n        <div class=\"ewa-rteLine\">MH4HRM es una iniciativa europea pionera, financiada por Erasmus+, dedicada a mejorar las competencias en salud mental en las empresas europeas.<\/div>\n<div class=\"ewa-rteLine\">Al dotar a los profesionales de RRHH de habilidades vitales, recursos tecnol\u00f3gicos y conocimientos esenciales, pretendemos fomentar el bienestar de los empleados en medio de los retos laborales sin precedentes de hoy en d\u00eda.<\/div>\n<div class=\"ewa-rteLine\">A trav\u00e9s de la formaci\u00f3n espec\u00edfica y el apoyo estrat\u00e9gico, pretendemos dotar a los departamentos de RRHH de las herramientas necesarias para identificar, abordar y mitigar eficazmente los problemas de salud mental, promoviendo as\u00ed una mano de obra m\u00e1s sana y resistente en toda Europa.<\/div>    <\/div>\n<\/div>\n<!-- \/module text -->        <\/div>\n                        <\/div>\n        <\/div>\n                        <div  data-lazy=\"1\" class=\"module_row themify_builder_row tb_egpg356 tf_w\">\n                        <div class=\"row_inner col_align_top tb_col_count_1 tf_box tf_rel\">\n                        <div  data-lazy=\"1\" class=\"module_column tb-column col-full tb_bgcu357 first\">\n                    <!-- module fancy heading -->\n<div  class=\"module module-fancy-heading tb_b99t481  inline-fancy-heading tb_hide_divider\" data-lazy=\"1\">\n        <h1 class=\"fancy-heading\">\n    <span class=\"main-head tf_inline_b\">\n                    \u00bfPOR QU\u00c9 MH4HRM ES RELEVANTE?            <\/span>\n\n    \n    <span class=\"sub-head tf_inline_b tf_rel\">\n                    02            <\/span>\n    <\/h1>\n<\/div>\n<!-- \/module fancy heading -->\n<!-- module divider -->\n<div  class=\"module tf_mw module-divider tb_uwdl173 solid   \" style=\"border-width: 1px;border-color: #000;margin-top: -15px;\" data-lazy=\"1\">\n    <\/div>\n<!-- \/module divider -->\n<!-- module text -->\n<div  class=\"module module-text tb_ozm4656   \" data-lazy=\"1\">\n        <div  class=\"tb_text_wrap\">\n        <div class=\"ewa-rteLine\">MH4HRM aborda directamente varias prioridades clave en el \u00e1mbito de la Educaci\u00f3n y Formaci\u00f3n Profesionale (EFP).<\/div>\n<div class=\"ewa-rteLine\">Al contribuir a la innovaci\u00f3n en la EFP, nuestro proyecto pretende revolucionar la forma de abordar los problemas de salud mental en el lugar de trabajo.<\/div>\n<div class=\"ewa-rteLine\">A trav\u00e9s de una estrecha colaboraci\u00f3n entre proveedores de EFP, responsables de RRHH, centros de investigaci\u00f3n e instituciones de ense\u00f1anza superior pertinentes, MH4HRM desarrollar\u00e1 y pondr\u00e1 a prueba programas de formaci\u00f3n innovadores, dotando a alumnos y formadores de habilidades pr\u00e1cticas directamente aplicables a situaciones reales de la vida laboral. Adem\u00e1s, nuestro proyecto aborda el imperativo de adaptar la EFP a las necesidades del mercado laboral, garantizando que los profesionales de RRHH adquieran las habilidades comerciales esenciales para navegar en el cambiante escenario post-epid\u00e9mico.<\/div>\n<div class=\"ewa-rteLine\">Adem\u00e1s, MH4HRM adopta el principio de inclusi\u00f3n y diversidad integrando en la plantilla a personas con trastornos mentales comunes, fomentando un entorno libre de estereotipos y barreras.<\/div>\n<div class=\"ewa-rteLine\">Al proporcionar herramientas y recursos digitales, el proyecto capacita a los responsables de RRHH y a los empleados para debatir abiertamente y abordar eficazmente los problemas de salud mental, promoviendo en \u00faltima instancia el bienestar en el lugar de trabajo y creando un entorno laboral m\u00e1s integrador y solidario.<\/div>    <\/div>\n<\/div>\n<!-- \/module text -->        <\/div>\n                        <\/div>\n        <\/div>\n                        <div  data-lazy=\"1\" class=\"module_row themify_builder_row tb_all3435 tf_w\">\n                        <div class=\"row_inner col_align_top tb_col_count_1 tf_box tf_rel\">\n                        <div  data-lazy=\"1\" class=\"module_column tb-column col-full tb_we44435 first\">\n                    <!-- module fancy heading -->\n<div  class=\"module module-fancy-heading tb_koca839  inline-fancy-heading tb_hide_divider\" data-lazy=\"1\">\n        <h1 class=\"fancy-heading\">\n    <span class=\"main-head tf_inline_b\">\n                    \u00bfCU\u00c1LES SON NUESTROS OBJETIVOS?            <\/span>\n\n    \n    <span class=\"sub-head tf_inline_b tf_rel\">\n                    03            <\/span>\n    <\/h1>\n<\/div>\n<!-- \/module fancy heading -->\n<!-- module divider -->\n<div  class=\"module tf_mw module-divider tb_5kxr412 solid   \" style=\"border-width: 1px;border-color: #000;margin-top: -15px;\" data-lazy=\"1\">\n    <\/div>\n<!-- \/module divider -->\n        <div  data-lazy=\"1\" class=\"module_subrow themify_builder_sub_row tf_w col_align_top tb_col_count_2 tb_xnfa704\">\n                <div  data-lazy=\"1\" class=\"module_column sub_column col4-2 tb_rt88704 first\">\n                    <!-- module image -->\n<div  class=\"module module-image tb_oxtv620 image-top   tf_mw\" data-lazy=\"1\">\n        <div class=\"image-wrap tf_rel tf_mw\">\n            <img loading=\"lazy\" decoding=\"async\" width=\"276\" height=\"549\" src=\"https:\/\/mh4hrm.eu\/wp-content\/uploads\/2024\/06\/Frame.png\" class=\"wp-post-image wp-image-605\" title=\"Frame\" alt=\"Frame\" srcset=\"https:\/\/mh4hrm.eu\/wp-content\/uploads\/2024\/06\/Frame.png 276w, https:\/\/mh4hrm.eu\/wp-content\/uploads\/2024\/06\/Frame-151x300.png 151w\" sizes=\"(max-width: 276px) 100vw, 276px\" \/>    \n        <\/div>\n    <!-- \/image-wrap -->\n    \n        <\/div>\n<!-- \/module image -->        <\/div>\n                    <div  data-lazy=\"1\" class=\"module_column sub_column col4-2 tb_tpm4704 last\">\n                    <!-- module text -->\n<div  class=\"module module-text tb_fpns757   \" data-lazy=\"1\">\n        <div  class=\"tb_text_wrap\">\n        <div class=\"ewa-rteLine\">Objetivos generales<\/div>    <\/div>\n<\/div>\n<!-- \/module text --><!-- module text -->\n<div  class=\"module module-text tb_w7ln741   \" data-lazy=\"1\">\n        <div  class=\"tb_text_wrap\">\n        <ol>\n<li>\n<div class=\"ewa-rteLine\">Proporcionar los conocimientos necesarios para superar la falta de competencias en salud mental.<\/div>\n<\/li>\n<li>\n<div class=\"ewa-rteLine\">Comprender las caracter\u00edsticas de las enfermedades mentales y su impacto en el trabajo.<\/div>\n<\/li>\n<li>\n<div class=\"ewa-rteLine\">Capacitar a los profesionales de RRHH para gestionar los problemas de salud mental y promover el bienestar de los empleados.<\/div>\n<\/li>\n<\/ol>    <\/div>\n<\/div>\n<!-- \/module text --><!-- module text -->\n<div  class=\"module module-text tb_mjvo74   \" data-lazy=\"1\">\n        <div  class=\"tb_text_wrap\">\n        <div class=\"ewa-rteLine\">Objetivos espec\u00edficos<\/div>    <\/div>\n<\/div>\n<!-- \/module text --><!-- module text -->\n<div  class=\"module module-text tb_vcj8883   \" data-lazy=\"1\">\n        <div  class=\"tb_text_wrap\">\n        <ol>\n<li>\n<div class=\"ewa-rteLine\">Capacitar a los responsables de RRHH para reconocer los trastornos mentales y los riesgos psicosociales en una fase temprana.<\/div>\n<\/li>\n<li>\n<div class=\"ewa-rteLine\">Proporcionar a los profesionales de la empresa estrategias para integrar a las personas con problemas de salud mental en el trabajo, gestionando su reincorporaci\u00f3n tras las ausencias.<\/div>\n<\/li>\n<li>\n<div class=\"ewa-rteLine\">Proporcionar conocimientos b\u00e1sicos sobre las enfermedades mentales y sus efectos en el trabajo.<\/div>\n<\/li>\n<li>\n<div class=\"ewa-rteLine\">Promover entornos de trabajo saludables a trav\u00e9s de herramientas y buenas pr\u00e1cticas a disposici\u00f3n de todo el personal de la organizaci\u00f3n.<\/div>\n<\/li>\n<li>\n<div class=\"ewa-rteLine\">Ofrecer conocimientos para suplir la falta de competencias en salud mental, ajust\u00e1ndose a la realidad de las empresas europeas.<\/div>\n<\/li>\n<li>\n<div class=\"ewa-rteLine\">Comprender las caracter\u00edsticas b\u00e1sicas de las enfermedades mentales m\u00e1s comunes y c\u00f3mo abordarlas en el trabajo.<\/div>\n<\/li>\n<li>\n<div class=\"ewa-rteLine\">Proporcionar herramientas digitales para que directivos y empleados accedan a informaci\u00f3n sobre bienestar y salud mental en el trabajo.<\/div>\n<\/li>\n<li>\n<div class=\"ewa-rteLine\">Utilizar la tecnolog\u00eda para impartir formaci\u00f3n b\u00e1sica sobre salud mental adaptada a las necesidades actuales de las empresas europeas.<\/div>\n<\/li>\n<li>\n<div class=\"ewa-rteLine\">Desarrollar habilidades blandas a trav\u00e9s de entornos tecnol\u00f3gicos innovadores para mejorar el bienestar y el autocuidado de los trabajadores.<\/div>\n<\/li>\n<li>Dotar a los departamentos de RRHH de habilidades blandas, herramientas tecnol\u00f3gicas y conocimientos para gestionar eficazmente la salud mental de sus empleados y planificar su bienestar<\/li>\n<\/ol>    <\/div>\n<\/div>\n<!-- \/module text -->        <\/div>\n                    <\/div>\n        <!-- module text -->\n<div  class=\"module module-text tb_8ar5321   \" data-lazy=\"1\">\n        <div  class=\"tb_text_wrap\">\n        <p style=\"text-align: center;\">A trav\u00e9s de nuestro proyecto europeo cofinanciado por el programa Erasmus+, nos esforzamos por alcanzar estos objetivos ofreciendo una formaci\u00f3n completa, desarrollando soluciones tecnol\u00f3gicas innovadoras y promoviendo las mejores pr\u00e1cticas en la gesti\u00f3n de la salud mental.<\/p>    <\/div>\n<\/div>\n<!-- \/module text -->        <\/div>\n                        <\/div>\n        <\/div>\n                        <div  data-lazy=\"1\" class=\"module_row themify_builder_row tb_36bn585 tf_w\">\n                        <div class=\"row_inner col_align_top tb_col_count_1 tf_box tf_rel\">\n                        <div  data-lazy=\"1\" class=\"module_column tb-column col-full tb_lp9s585 first\">\n                    <!-- module fancy heading -->\n<div  class=\"module module-fancy-heading tb_ut1a572  inline-fancy-heading tb_hide_divider\" data-lazy=\"1\">\n        <h1 class=\"fancy-heading\">\n    <span class=\"main-head tf_inline_b\">\n                    \u00bfQUI\u00c9N DESARROLLA MH4HRM?            <\/span>\n\n    \n    <span class=\"sub-head tf_inline_b tf_rel\">\n                    04            <\/span>\n    <\/h1>\n<\/div>\n<!-- \/module fancy heading -->\n<!-- module divider -->\n<div  class=\"module tf_mw module-divider tb_38fo349 solid   \" style=\"border-width: 1px;border-color: #000;margin-top: -15px;\" data-lazy=\"1\">\n    <\/div>\n<!-- \/module divider -->\n        <div  data-lazy=\"1\" class=\"module_subrow themify_builder_sub_row tf_w col_align_top tb_col_count_1 tb_2rll800\">\n                <div  data-lazy=\"1\" class=\"module_column sub_column col-full tb_bldn800 first\">\n                    <!-- module text -->\n<div  class=\"module module-text tb_phnp676   \" data-lazy=\"1\">\n        <div  class=\"tb_text_wrap\">\n        <p>El proyecto MH4HRM incluye a 7 socios de 5 pa\u00edses diferentes, creando un puente europeo de conocimiento entre Croacia, Grecia, Italia, Portugal y Espa\u00f1a.<\/p>    <\/div>\n<\/div>\n<!-- \/module text --><!-- module image -->\n<div  class=\"module module-image tb_ttas140 image-top   tf_mw\" data-lazy=\"1\">\n        <div class=\"image-wrap tf_rel tf_mw\">\n            <img loading=\"lazy\" decoding=\"async\" width=\"1102\" height=\"838\" src=\"https:\/\/mh4hrm.eu\/wp-content\/uploads\/2024\/06\/Screenshot_149.png\" class=\"wp-post-image wp-image-670\" title=\"Screenshot_149\" alt=\"Screenshot_149\" srcset=\"https:\/\/mh4hrm.eu\/wp-content\/uploads\/2024\/06\/Screenshot_149.png 1102w, https:\/\/mh4hrm.eu\/wp-content\/uploads\/2024\/06\/Screenshot_149-300x228.png 300w, https:\/\/mh4hrm.eu\/wp-content\/uploads\/2024\/06\/Screenshot_149-1024x779.png 1024w, https:\/\/mh4hrm.eu\/wp-content\/uploads\/2024\/06\/Screenshot_149-768x584.png 768w\" sizes=\"(max-width: 1102px) 100vw, 1102px\" \/>    \n        <\/div>\n    <!-- \/image-wrap -->\n    \n        <\/div>\n<!-- \/module image -->        <\/div>\n                    <\/div>\n                <\/div>\n                        <\/div>\n        <\/div>\n        <\/div>\n<!--\/themify_builder_content-->","protected":false},"excerpt":{"rendered":"<p>En MH4HRM nos dedicamos a promover el bienestar de los empleados dotando a los profesionales de RRHH de las habilidades necesarias, las herramientas tecnol\u00f3gicas y los conocimientos clave para gestionar eficazmente los problemas de salud mental en los entornos empresariales europeos.<\/p>\n","protected":false},"author":1,"featured_media":0,"parent":0,"menu_order":0,"comment_status":"closed","ping_status":"closed","template":"","meta":{"footnotes":""},"class_list":["post-841","page","type-page","status-publish","hentry","has-post-title","has-post-date","has-post-category","has-post-tag","has-post-comment","has-post-author",""],"builder_content":"<h1>SOBRE NOSOTROS\/AS<br\/><\/h1>\n\n<p style=\"text-align: center;\">En MH4HRM nos dedicamos a promover el bienestar de los empleados dotando a los profesionales de RRHH de las habilidades necesarias, las herramientas tecnol\u00f3gicas y los conocimientos clave para gestionar eficazmente los problemas de salud mental en los entornos empresariales europeos.<\/p>\n<h1>\u00bfCU\u00c1L ES NUESTRA MISI\u00d3N?<br\/>01<\/h1>\n\nMH4HRM es una iniciativa europea pionera, financiada por Erasmus+, dedicada a mejorar las competencias en salud mental en las empresas europeas. Al dotar a los profesionales de RRHH de habilidades vitales, recursos tecnol\u00f3gicos y conocimientos esenciales, pretendemos fomentar el bienestar de los empleados en medio de los retos laborales sin precedentes de hoy en d\u00eda. A trav\u00e9s de la formaci\u00f3n espec\u00edfica y el apoyo estrat\u00e9gico, pretendemos dotar a los departamentos de RRHH de las herramientas necesarias para identificar, abordar y mitigar eficazmente los problemas de salud mental, promoviendo as\u00ed una mano de obra m\u00e1s sana y resistente en toda Europa.\n<h1>\u00bfPOR QU\u00c9 MH4HRM ES RELEVANTE?<br\/>02<\/h1>\n\nMH4HRM aborda directamente varias prioridades clave en el \u00e1mbito de la Educaci\u00f3n y Formaci\u00f3n Profesionale (EFP). Al contribuir a la innovaci\u00f3n en la EFP, nuestro proyecto pretende revolucionar la forma de abordar los problemas de salud mental en el lugar de trabajo. A trav\u00e9s de una estrecha colaboraci\u00f3n entre proveedores de EFP, responsables de RRHH, centros de investigaci\u00f3n e instituciones de ense\u00f1anza superior pertinentes, MH4HRM desarrollar\u00e1 y pondr\u00e1 a prueba programas de formaci\u00f3n innovadores, dotando a alumnos y formadores de habilidades pr\u00e1cticas directamente aplicables a situaciones reales de la vida laboral. Adem\u00e1s, nuestro proyecto aborda el imperativo de adaptar la EFP a las necesidades del mercado laboral, garantizando que los profesionales de RRHH adquieran las habilidades comerciales esenciales para navegar en el cambiante escenario post-epid\u00e9mico. Adem\u00e1s, MH4HRM adopta el principio de inclusi\u00f3n y diversidad integrando en la plantilla a personas con trastornos mentales comunes, fomentando un entorno libre de estereotipos y barreras. Al proporcionar herramientas y recursos digitales, el proyecto capacita a los responsables de RRHH y a los empleados para debatir abiertamente y abordar eficazmente los problemas de salud mental, promoviendo en \u00faltima instancia el bienestar en el lugar de trabajo y creando un entorno laboral m\u00e1s integrador y solidario.\n<h1>\u00bfCU\u00c1LES SON NUESTROS OBJETIVOS?<br\/>03<\/h1>\n\n<img src=\"https:\/\/mh4hrm.eu\/wp-content\/uploads\/2024\/06\/Frame.png\" title=\"Frame\" alt=\"Frame\" srcset=\"https:\/\/mh4hrm.eu\/wp-content\/uploads\/2024\/06\/Frame.png 276w, https:\/\/mh4hrm.eu\/wp-content\/uploads\/2024\/06\/Frame-151x300.png 151w\" sizes=\"(max-width: 276px) 100vw, 276px\" \/>\nObjetivos generales\n<ol> <li> Proporcionar los conocimientos necesarios para superar la falta de competencias en salud mental. <\/li> <li> Comprender las caracter\u00edsticas de las enfermedades mentales y su impacto en el trabajo. <\/li> <li> Capacitar a los profesionales de RRHH para gestionar los problemas de salud mental y promover el bienestar de los empleados. <\/li> <\/ol>\nObjetivos espec\u00edficos\n<ol> <li> Capacitar a los responsables de RRHH para reconocer los trastornos mentales y los riesgos psicosociales en una fase temprana. <\/li> <li> Proporcionar a los profesionales de la empresa estrategias para integrar a las personas con problemas de salud mental en el trabajo, gestionando su reincorporaci\u00f3n tras las ausencias. <\/li> <li> Proporcionar conocimientos b\u00e1sicos sobre las enfermedades mentales y sus efectos en el trabajo. <\/li> <li> Promover entornos de trabajo saludables a trav\u00e9s de herramientas y buenas pr\u00e1cticas a disposici\u00f3n de todo el personal de la organizaci\u00f3n. <\/li> <li> Ofrecer conocimientos para suplir la falta de competencias en salud mental, ajust\u00e1ndose a la realidad de las empresas europeas. <\/li> <li> Comprender las caracter\u00edsticas b\u00e1sicas de las enfermedades mentales m\u00e1s comunes y c\u00f3mo abordarlas en el trabajo. <\/li> <li> Proporcionar herramientas digitales para que directivos y empleados accedan a informaci\u00f3n sobre bienestar y salud mental en el trabajo. <\/li> <li> Utilizar la tecnolog\u00eda para impartir formaci\u00f3n b\u00e1sica sobre salud mental adaptada a las necesidades actuales de las empresas europeas. <\/li> <li> Desarrollar habilidades blandas a trav\u00e9s de entornos tecnol\u00f3gicos innovadores para mejorar el bienestar y el autocuidado de los trabajadores. <\/li> <li>Dotar a los departamentos de RRHH de habilidades blandas, herramientas tecnol\u00f3gicas y conocimientos para gestionar eficazmente la salud mental de sus empleados y planificar su bienestar<\/li> <\/ol>\n<p style=\"text-align: center;\">A trav\u00e9s de nuestro proyecto europeo cofinanciado por el programa Erasmus+, nos esforzamos por alcanzar estos objetivos ofreciendo una formaci\u00f3n completa, desarrollando soluciones tecnol\u00f3gicas innovadoras y promoviendo las mejores pr\u00e1cticas en la gesti\u00f3n de la salud mental.<\/p>\n<h1>\u00bfQUI\u00c9N DESARROLLA MH4HRM?<br\/>04<\/h1>\n\n<p>El proyecto MH4HRM incluye a 7 socios de 5 pa\u00edses diferentes, creando un puente europeo de conocimiento entre Croacia, Grecia, Italia, Portugal y Espa\u00f1a.<\/p>\n<img src=\"https:\/\/mh4hrm.eu\/wp-content\/uploads\/2024\/06\/Screenshot_149.png\" title=\"Screenshot_149\" alt=\"Screenshot_149\" srcset=\"https:\/\/mh4hrm.eu\/wp-content\/uploads\/2024\/06\/Screenshot_149.png 1102w, https:\/\/mh4hrm.eu\/wp-content\/uploads\/2024\/06\/Screenshot_149-300x228.png 300w, https:\/\/mh4hrm.eu\/wp-content\/uploads\/2024\/06\/Screenshot_149-1024x779.png 1024w, https:\/\/mh4hrm.eu\/wp-content\/uploads\/2024\/06\/Screenshot_149-768x584.png 768w\" sizes=\"(max-width: 1102px) 100vw, 1102px\" \/>","_links":{"self":[{"href":"https:\/\/mh4hrm.eu\/es\/wp-json\/wp\/v2\/pages\/841"}],"collection":[{"href":"https:\/\/mh4hrm.eu\/es\/wp-json\/wp\/v2\/pages"}],"about":[{"href":"https:\/\/mh4hrm.eu\/es\/wp-json\/wp\/v2\/types\/page"}],"author":[{"embeddable":true,"href":"https:\/\/mh4hrm.eu\/es\/wp-json\/wp\/v2\/users\/1"}],"replies":[{"embeddable":true,"href":"https:\/\/mh4hrm.eu\/es\/wp-json\/wp\/v2\/comments?post=841"}],"version-history":[{"count":30,"href":"https:\/\/mh4hrm.eu\/es\/wp-json\/wp\/v2\/pages\/841\/revisions"}],"predecessor-version":[{"id":1350,"href":"https:\/\/mh4hrm.eu\/es\/wp-json\/wp\/v2\/pages\/841\/revisions\/1350"}],"wp:attachment":[{"href":"https:\/\/mh4hrm.eu\/es\/wp-json\/wp\/v2\/media?parent=841"}],"curies":[{"name":"wp","href":"https:\/\/api.w.org\/{rel}","templated":true}]}}